{"id":920,"date":"2024-03-14T16:49:20","date_gmt":"2024-03-14T16:49:20","guid":{"rendered":"https:\/\/canazados.com\/?page_id=920"},"modified":"2024-03-14T16:56:35","modified_gmt":"2024-03-14T16:56:35","slug":"transparecia","status":"publish","type":"page","link":"https:\/\/canazados.com\/en\/transparecia\/","title":{"rendered":"Transparecia"},"content":{"rendered":"<div data-elementor-type=\"wp-page\" data-elementor-id=\"920\" class=\"elementor elementor-920\" data-elementor-post-type=\"page\">\n\t\t\t\t<div class=\"elementor-element elementor-element-b568cc7 e-con-full e-flex e-con e-parent\" data-id=\"b568cc7\" data-element_type=\"container\">\n\t\t<div class=\"elementor-element elementor-element-77c5069 e-con-full e-flex e-con e-child\" data-id=\"77c5069\" data-element_type=\"container\">\n\t\t\t\t<div class=\"elementor-element elementor-element-3d92e66 elementor-invisible elementor-widget elementor-widget-heading\" data-id=\"3d92e66\" data-element_type=\"widget\" data-settings=\"{&quot;_animation&quot;:&quot;fadeInUp&quot;}\" data-widget_type=\"heading.default\">\n\t\t\t\t<div class=\"elementor-widget-container\">\n\t\t\t\t\t<h2 class=\"elementor-heading-title elementor-size-default\">Transparencia<\/h2>\t\t\t\t<\/div>\n\t\t\t\t<\/div>\n\t\t\t\t<div class=\"elementor-element elementor-element-827d29c elementor-hidden-mobile elementor-invisible elementor-widget elementor-widget-image\" data-id=\"827d29c\" data-element_type=\"widget\" data-settings=\"{&quot;_animation&quot;:&quot;fadeInUp&quot;,&quot;_animation_delay&quot;:500}\" data-widget_type=\"image.default\">\n\t\t\t\t<div class=\"elementor-widget-container\">\n\t\t\t\t\t\t\t\t\t\t\t\t\t\t\t<img decoding=\"async\" width=\"191\" height=\"154\" src=\"https:\/\/canazados.com\/wp-content\/uploads\/2024\/02\/Mesa-de-trabajo-9-1.png\" class=\"attachment-large size-large wp-image-405\" alt=\"\" \/>\t\t\t\t\t\t\t\t\t\t\t\t\t\t\t<\/div>\n\t\t\t\t<\/div>\n\t\t\t\t<\/div>\n\t\t<div class=\"elementor-element elementor-element-1c1aaea e-con-full e-flex e-con e-child\" data-id=\"1c1aaea\" data-element_type=\"container\">\n\t\t\t\t<div class=\"elementor-element elementor-element-20e26e3 elementor-invisible elementor-widget elementor-widget-image\" data-id=\"20e26e3\" data-element_type=\"widget\" data-settings=\"{&quot;_animation&quot;:&quot;fadeInDown&quot;,&quot;_animation_delay&quot;:250}\" data-widget_type=\"image.default\">\n\t\t\t\t<div class=\"elementor-widget-container\">\n\t\t\t\t\t\t\t\t\t\t\t\t\t\t\t<img fetchpriority=\"high\" decoding=\"async\" width=\"269\" height=\"217\" src=\"https:\/\/canazados.com\/wp-content\/uploads\/2024\/02\/Mesa-de-trabajo-23.png\" class=\"attachment-large size-large wp-image-408\" alt=\"\" \/>\t\t\t\t\t\t\t\t\t\t\t\t\t\t\t<\/div>\n\t\t\t\t<\/div>\n\t\t\t\t<div class=\"elementor-element elementor-element-72ee499 elementor-invisible elementor-widget elementor-widget-text-editor\" data-id=\"72ee499\" data-element_type=\"widget\" data-settings=\"{&quot;_animation&quot;:&quot;fadeInUp&quot;,&quot;_animation_delay&quot;:250}\" data-widget_type=\"text-editor.default\">\n\t\t\t\t<div class=\"elementor-widget-container\">\n\t\t\t\t\t\t\t\t\t<p>En este apartado exponemos todo lo relativo a nuestra obligaci\u00f3n de realizar un informe de transparencia. Tal obligaci\u00f3n se basa en la Ley 12\/2014, de 26 de diciembre, de transparencia y de acceso a la informaci\u00f3n p\u00fablica.<\/p><p>El art\u00edculo 64 se determina que las entidades privadas \u201cdeber\u00e1n facilitarle al comisionado o comisionada de Transparencia y Acceso a la Informaci\u00f3n P\u00fablica la informaci\u00f3n que les solicite y prestarle la colaboraci\u00f3n necesaria para el desarrollo de sus funciones. Espec\u00edficamente, deber\u00e1n mantener actualizada y disponible informaci\u00f3n detallada sobre el grado de aplicaci\u00f3n de la ley en sus respectivos \u00e1mbitos competenciales\u201d.<\/p><p>Por \u00faltimo, y no menos importante, es conveniente recordar que la Ley 12\/2014 en su art\u00edculo 69, apartado 1, letra A), tipifica las infracciones que pudieran cometer las entidades privadas por incumplimientos de la misma y, en su apartado 2, regula las sanciones que se pueden imponer, entre las que se encuentran las multas y el reintegro total o parcial de la ayuda o subvenci\u00f3n p\u00fablica concedida.<\/p>\t\t\t\t\t\t\t\t<\/div>\n\t\t\t\t<\/div>\n\t\t\t\t<div class=\"elementor-element elementor-element-67bcccc elementor-invisible elementor-widget elementor-widget-text-editor\" data-id=\"67bcccc\" data-element_type=\"widget\" data-settings=\"{&quot;_animation&quot;:&quot;fadeInUp&quot;,&quot;_animation_delay&quot;:250}\" data-widget_type=\"text-editor.default\">\n\t\t\t\t<div class=\"elementor-widget-container\">\n\t\t\t\t\t\t\t\t\t<ul class=\"normal-list\"><li><a href=\"https:\/\/canazados.com\/wp-content\/uploads\/2024\/03\/MOD-800-1.pdf\" target=\"_blank\" rel=\"noopener\"><strong>Mod 800 (1)<\/strong><\/a><\/li><li><a href=\"https:\/\/canazados.com\/wp-content\/uploads\/2024\/03\/MOD-800-2.pdf\" target=\"_blank\" rel=\"noopener\"><strong>Mod 800 (2)<\/strong><\/a><\/li><li><a href=\"https:\/\/canazados.com\/wp-content\/uploads\/2024\/03\/MODELO-CUENTA-JUSTIFICATIVA-SUBVENCION-MODIFICACION-POR-ABONO-1_1-FIRMADO.pdf\" target=\"_blank\" rel=\"noopener\"><strong>Modelo cuenta justificativa subvencion modificacion por abono<\/strong><\/a><\/li><li><a href=\"https:\/\/canazados.com\/wp-content\/uploads\/2024\/03\/LEGALIZACION-DE-LIBROS.pdf\" target=\"_blank\" rel=\"noopener\"><strong>Legalizaci\u00f3n de libros<\/strong><\/a><\/li><li><a href=\"https:\/\/canazados.com\/wp-content\/uploads\/2024\/03\/CERTIFICADO-CUENTAS-RM-20201.pdf\" target=\"_blank\" rel=\"noopener\"><strong>Certificado cuentas rm 2020<\/strong><\/a><\/li><li><a href=\"https:\/\/canazados.com\/wp-content\/uploads\/2024\/03\/DEPOSITO-DE-CUENTAS.pdf\" target=\"_blank\" rel=\"noopener\"><strong>Deposito de cuentas<\/strong><\/a><\/li><li><a href=\"https:\/\/canazados.com\/wp-content\/uploads\/2024\/03\/Informe-auditor-3.pdf\" target=\"_blank\" rel=\"noopener\"><strong>Informe auditor<\/strong><\/a><\/li><\/ul>\t\t\t\t\t\t\t\t<\/div>\n\t\t\t\t<\/div>\n\t\t\t\t<\/div>\n\t\t\t\t<\/div>\n\t\t\t\t<\/div>","protected":false},"excerpt":{"rendered":"<p>Transparencia En este apartado exponemos todo lo relativo a nuestra obligaci\u00f3n de realizar un informe de transparencia. Tal obligaci\u00f3n se basa en la Ley 12\/2014, de 26 de diciembre, de transparencia y de acceso a la informaci\u00f3n p\u00fablica. El art\u00edculo 64 se determina que las entidades privadas \u201cdeber\u00e1n facilitarle al comisionado o comisionada de Transparencia [&hellip;]<\/p>","protected":false},"author":1,"featured_media":0,"parent":0,"menu_order":0,"comment_status":"closed","ping_status":"closed","template":"","meta":{"footnotes":""},"class_list":["post-920","page","type-page","status-publish","hentry"],"yoast_head":"<!-- This site is optimized with the Yoast SEO plugin v25.5 - https:\/\/yoast.com\/wordpress\/plugins\/seo\/ -->\n<title>Transparecia - Canazados<\/title>\n<meta name=\"robots\" content=\"index, follow, max-snippet:-1, max-image-preview:large, max-video-preview:-1\" \/>\n<link rel=\"canonical\" href=\"https:\/\/canazados.com\/en\/transparecia\/\" \/>\n<meta property=\"og:locale\" content=\"en_GB\" \/>\n<meta property=\"og:type\" content=\"article\" \/>\n<meta property=\"og:title\" content=\"Transparecia - Canazados\" \/>\n<meta property=\"og:description\" content=\"Transparencia En este apartado exponemos todo lo relativo a nuestra obligaci\u00f3n de realizar un informe de transparencia. Tal obligaci\u00f3n se basa en la Ley 12\/2014, de 26 de diciembre, de transparencia y de acceso a la informaci\u00f3n p\u00fablica. El art\u00edculo 64 se determina que las entidades privadas \u201cdeber\u00e1n facilitarle al comisionado o comisionada de Transparencia [&hellip;]\" \/>\n<meta property=\"og:url\" content=\"https:\/\/canazados.com\/en\/transparecia\/\" \/>\n<meta property=\"og:site_name\" content=\"Canazados\" \/>\n<meta property=\"article:publisher\" content=\"https:\/\/www.facebook.com\/profile.php?id=61555814313087&amp;locale=es_ES\" \/>\n<meta property=\"article:modified_time\" content=\"2024-03-14T16:56:35+00:00\" \/>\n<meta property=\"og:image\" content=\"https:\/\/canazados.com\/wp-content\/uploads\/2024\/02\/Mesa-de-trabajo-9-1.png\" \/>\n<meta name=\"twitter:card\" content=\"summary_large_image\" \/>\n<meta name=\"twitter:label1\" content=\"Estimated reading time\" \/>\n\t<meta name=\"twitter:data1\" content=\"2 minutes\" \/>\n<script type=\"application\/ld+json\" class=\"yoast-schema-graph\">{\"@context\":\"https:\/\/schema.org\",\"@graph\":[{\"@type\":\"WebPage\",\"@id\":\"https:\/\/canazados.com\/transparecia\/\",\"url\":\"https:\/\/canazados.com\/transparecia\/\",\"name\":\"Transparecia - Canazados\",\"isPartOf\":{\"@id\":\"https:\/\/canazados.com\/#website\"},\"primaryImageOfPage\":{\"@id\":\"https:\/\/canazados.com\/transparecia\/#primaryimage\"},\"image\":{\"@id\":\"https:\/\/canazados.com\/transparecia\/#primaryimage\"},\"thumbnailUrl\":\"https:\/\/canazados.com\/wp-content\/uploads\/2024\/02\/Mesa-de-trabajo-9-1.png\",\"datePublished\":\"2024-03-14T16:49:20+00:00\",\"dateModified\":\"2024-03-14T16:56:35+00:00\",\"breadcrumb\":{\"@id\":\"https:\/\/canazados.com\/transparecia\/#breadcrumb\"},\"inLanguage\":\"en-GB\",\"potentialAction\":[{\"@type\":\"ReadAction\",\"target\":[\"https:\/\/canazados.com\/transparecia\/\"]}]},{\"@type\":\"ImageObject\",\"inLanguage\":\"en-GB\",\"@id\":\"https:\/\/canazados.com\/transparecia\/#primaryimage\",\"url\":\"https:\/\/canazados.com\/wp-content\/uploads\/2024\/02\/Mesa-de-trabajo-9-1.png\",\"contentUrl\":\"https:\/\/canazados.com\/wp-content\/uploads\/2024\/02\/Mesa-de-trabajo-9-1.png\"},{\"@type\":\"BreadcrumbList\",\"@id\":\"https:\/\/canazados.com\/transparecia\/#breadcrumb\",\"itemListElement\":[{\"@type\":\"ListItem\",\"position\":1,\"name\":\"Portada\",\"item\":\"https:\/\/canazados.com\/\"},{\"@type\":\"ListItem\",\"position\":2,\"name\":\"Transparecia\"}]},{\"@type\":\"WebSite\",\"@id\":\"https:\/\/canazados.com\/#website\",\"url\":\"https:\/\/canazados.com\/\",\"name\":\"Canazados\",\"description\":\"\",\"publisher\":{\"@id\":\"https:\/\/canazados.com\/#organization\"},\"potentialAction\":[{\"@type\":\"SearchAction\",\"target\":{\"@type\":\"EntryPoint\",\"urlTemplate\":\"https:\/\/canazados.com\/?s={search_term_string}\"},\"query-input\":{\"@type\":\"PropertyValueSpecification\",\"valueRequired\":true,\"valueName\":\"search_term_string\"}}],\"inLanguage\":\"en-GB\"},{\"@type\":\"Organization\",\"@id\":\"https:\/\/canazados.com\/#organization\",\"name\":\"Canazados\",\"url\":\"https:\/\/canazados.com\/\",\"logo\":{\"@type\":\"ImageObject\",\"inLanguage\":\"en-GB\",\"@id\":\"https:\/\/canazados.com\/#\/schema\/logo\/image\/\",\"url\":\"https:\/\/canazados.com\/wp-content\/uploads\/2024\/02\/logo-canazados.png\",\"contentUrl\":\"https:\/\/canazados.com\/wp-content\/uploads\/2024\/02\/logo-canazados.png\",\"width\":807,\"height\":294,\"caption\":\"Canazados\"},\"image\":{\"@id\":\"https:\/\/canazados.com\/#\/schema\/logo\/image\/\"},\"sameAs\":[\"https:\/\/www.facebook.com\/profile.php?id=61555814313087&locale=es_ES\",\"https:\/\/www.instagram.com\/canazados\/\",\"https:\/\/www.linkedin.com\/company\/canazados-sl\/?originalSubdomain=es\"]}]}<\/script>\n<!-- \/ Yoast SEO plugin. -->","yoast_head_json":{"title":"Transparecia - Canazados","robots":{"index":"index","follow":"follow","max-snippet":"max-snippet:-1","max-image-preview":"max-image-preview:large","max-video-preview":"max-video-preview:-1"},"canonical":"https:\/\/canazados.com\/en\/transparecia\/","og_locale":"en_GB","og_type":"article","og_title":"Transparecia - Canazados","og_description":"Transparencia En este apartado exponemos todo lo relativo a nuestra obligaci\u00f3n de realizar un informe de transparencia. Tal obligaci\u00f3n se basa en la Ley 12\/2014, de 26 de diciembre, de transparencia y de acceso a la informaci\u00f3n p\u00fablica. El art\u00edculo 64 se determina que las entidades privadas \u201cdeber\u00e1n facilitarle al comisionado o comisionada de Transparencia [&hellip;]","og_url":"https:\/\/canazados.com\/en\/transparecia\/","og_site_name":"Canazados","article_publisher":"https:\/\/www.facebook.com\/profile.php?id=61555814313087&locale=es_ES","article_modified_time":"2024-03-14T16:56:35+00:00","og_image":[{"url":"https:\/\/canazados.com\/wp-content\/uploads\/2024\/02\/Mesa-de-trabajo-9-1.png","type":"","width":"","height":""}],"twitter_card":"summary_large_image","twitter_misc":{"Estimated reading time":"2 minutes"},"schema":{"@context":"https:\/\/schema.org","@graph":[{"@type":"WebPage","@id":"https:\/\/canazados.com\/transparecia\/","url":"https:\/\/canazados.com\/transparecia\/","name":"Transparecia - Canazados","isPartOf":{"@id":"https:\/\/canazados.com\/#website"},"primaryImageOfPage":{"@id":"https:\/\/canazados.com\/transparecia\/#primaryimage"},"image":{"@id":"https:\/\/canazados.com\/transparecia\/#primaryimage"},"thumbnailUrl":"https:\/\/canazados.com\/wp-content\/uploads\/2024\/02\/Mesa-de-trabajo-9-1.png","datePublished":"2024-03-14T16:49:20+00:00","dateModified":"2024-03-14T16:56:35+00:00","breadcrumb":{"@id":"https:\/\/canazados.com\/transparecia\/#breadcrumb"},"inLanguage":"en-GB","potentialAction":[{"@type":"ReadAction","target":["https:\/\/canazados.com\/transparecia\/"]}]},{"@type":"ImageObject","inLanguage":"en-GB","@id":"https:\/\/canazados.com\/transparecia\/#primaryimage","url":"https:\/\/canazados.com\/wp-content\/uploads\/2024\/02\/Mesa-de-trabajo-9-1.png","contentUrl":"https:\/\/canazados.com\/wp-content\/uploads\/2024\/02\/Mesa-de-trabajo-9-1.png"},{"@type":"BreadcrumbList","@id":"https:\/\/canazados.com\/transparecia\/#breadcrumb","itemListElement":[{"@type":"ListItem","position":1,"name":"Portada","item":"https:\/\/canazados.com\/"},{"@type":"ListItem","position":2,"name":"Transparecia"}]},{"@type":"WebSite","@id":"https:\/\/canazados.com\/#website","url":"https:\/\/canazados.com\/","name":"Canazados","description":"","publisher":{"@id":"https:\/\/canazados.com\/#organization"},"potentialAction":[{"@type":"SearchAction","target":{"@type":"EntryPoint","urlTemplate":"https:\/\/canazados.com\/?s={search_term_string}"},"query-input":{"@type":"PropertyValueSpecification","valueRequired":true,"valueName":"search_term_string"}}],"inLanguage":"en-GB"},{"@type":"Organization","@id":"https:\/\/canazados.com\/#organization","name":"Canazados","url":"https:\/\/canazados.com\/","logo":{"@type":"ImageObject","inLanguage":"en-GB","@id":"https:\/\/canazados.com\/#\/schema\/logo\/image\/","url":"https:\/\/canazados.com\/wp-content\/uploads\/2024\/02\/logo-canazados.png","contentUrl":"https:\/\/canazados.com\/wp-content\/uploads\/2024\/02\/logo-canazados.png","width":807,"height":294,"caption":"Canazados"},"image":{"@id":"https:\/\/canazados.com\/#\/schema\/logo\/image\/"},"sameAs":["https:\/\/www.facebook.com\/profile.php?id=61555814313087&locale=es_ES","https:\/\/www.instagram.com\/canazados\/","https:\/\/www.linkedin.com\/company\/canazados-sl\/?originalSubdomain=es"]}]}},"_links":{"self":[{"href":"https:\/\/canazados.com\/en\/wp-json\/wp\/v2\/pages\/920","targetHints":{"allow":["GET"]}}],"collection":[{"href":"https:\/\/canazados.com\/en\/wp-json\/wp\/v2\/pages"}],"about":[{"href":"https:\/\/canazados.com\/en\/wp-json\/wp\/v2\/types\/page"}],"author":[{"embeddable":true,"href":"https:\/\/canazados.com\/en\/wp-json\/wp\/v2\/users\/1"}],"replies":[{"embeddable":true,"href":"https:\/\/canazados.com\/en\/wp-json\/wp\/v2\/comments?post=920"}],"version-history":[{"count":0,"href":"https:\/\/canazados.com\/en\/wp-json\/wp\/v2\/pages\/920\/revisions"}],"wp:attachment":[{"href":"https:\/\/canazados.com\/en\/wp-json\/wp\/v2\/media?parent=920"}],"curies":[{"name":"wp","href":"https:\/\/api.w.org\/{rel}","templated":true}]}}