{"id":897,"date":"2024-03-14T15:50:02","date_gmt":"2024-03-14T15:50:02","guid":{"rendered":"https:\/\/canazados.com\/?page_id=897"},"modified":"2024-03-26T12:23:25","modified_gmt":"2024-03-26T12:23:25","slug":"devils-ice","status":"publish","type":"page","link":"https:\/\/canazados.com\/en\/devils-ice\/","title":{"rendered":"Devil&#8217;s Ice"},"content":{"rendered":"<div data-elementor-type=\"wp-page\" data-elementor-id=\"897\" class=\"elementor elementor-897\" data-elementor-post-type=\"page\">\n\t\t\t\t<div class=\"elementor-element elementor-element-2a7d96d e-con-full e-flex e-con e-parent\" data-id=\"2a7d96d\" data-element_type=\"container\">\n\t\t\t\t<div class=\"elementor-element elementor-element-f1c1101 agl agl-flipUp agl-in-duration-1000 agl-in-delay-0 agl-in-distance-1 elementor-widget elementor-widget-image\" data-id=\"f1c1101\" data-element_type=\"widget\" data-settings=\"{&quot;agl_in_name&quot;:&quot;flip&quot;,&quot;agl_in_direction&quot;:&quot;Up&quot;,&quot;agl_in_duration&quot;:{&quot;unit&quot;:&quot;ms&quot;,&quot;size&quot;:1000,&quot;sizes&quot;:[]},&quot;agl_in_delay&quot;:{&quot;unit&quot;:&quot;ms&quot;,&quot;size&quot;:0,&quot;sizes&quot;:[]},&quot;agl_in_distance&quot;:{&quot;unit&quot;:&quot;ms&quot;,&quot;size&quot;:1,&quot;sizes&quot;:[]},&quot;agl_in_repeat&quot;:&quot;no&quot;,&quot;agl_in_lockToScrollbar&quot;:&quot;no&quot;}\" data-widget_type=\"image.default\">\n\t\t\t\t<div class=\"elementor-widget-container\">\n\t\t\t\t\t\t\t\t\t\t\t\t\t\t\t<img fetchpriority=\"high\" decoding=\"async\" width=\"800\" height=\"339\" src=\"https:\/\/canazados.com\/wp-content\/uploads\/2024\/03\/devil-logo-copia-4.png\" class=\"attachment-large size-large wp-image-899\" alt=\"\" srcset=\"https:\/\/canazados.com\/wp-content\/uploads\/2024\/03\/devil-logo-copia-4.png 974w, https:\/\/canazados.com\/wp-content\/uploads\/2024\/03\/devil-logo-copia-4-300x127.png 300w, https:\/\/canazados.com\/wp-content\/uploads\/2024\/03\/devil-logo-copia-4-768x326.png 768w, https:\/\/canazados.com\/wp-content\/uploads\/2024\/03\/devil-logo-copia-4-18x8.png 18w, https:\/\/canazados.com\/wp-content\/uploads\/2024\/03\/devil-logo-copia-4-600x254.png 600w\" sizes=\"(max-width: 800px) 100vw, 800px\" \/>\t\t\t\t\t\t\t\t\t\t\t\t\t\t\t<\/div>\n\t\t\t\t<\/div>\n\t\t\t\t<\/div>\n\t\t<div class=\"elementor-element elementor-element-b568cc7 e-con-full e-flex e-con e-parent\" data-id=\"b568cc7\" data-element_type=\"container\">\n\t\t<div class=\"elementor-element elementor-element-77c5069 e-con-full e-flex e-con e-child\" data-id=\"77c5069\" data-element_type=\"container\">\n\t\t\t\t<div class=\"elementor-element elementor-element-3d92e66 elementor-widget elementor-widget-heading\" data-id=\"3d92e66\" data-element_type=\"widget\" data-widget_type=\"heading.default\">\n\t\t\t\t<div class=\"elementor-widget-container\">\n\t\t\t\t\t<h2 class=\"elementor-heading-title elementor-size-default\">Pur\u00e9s de fruta para cocteler\u00eda.<\/h2>\t\t\t\t<\/div>\n\t\t\t\t<\/div>\n\t\t\t\t<div class=\"elementor-element elementor-element-1204086 elementor-widget elementor-widget-text-editor\" data-id=\"1204086\" data-element_type=\"widget\" data-widget_type=\"text-editor.default\">\n\t\t\t\t<div class=\"elementor-widget-container\">\n\t\t\t\t\t\t\t\t\t<p>A\u00f1ada con nuestros pur\u00e9s y siropes un intenso sabor a fruta natural a sus c\u00f3cteles. Ya que el alma de nuestro producto es una selecci\u00f3n de las mejores frutas prohibidas.<\/p><p>Nuestros pur\u00e9s Devil&#8217;s Ice se adaptan a cualquier tipo de coctelera, INCLUSO PARA TODO INCLUIDO.<\/p>\t\t\t\t\t\t\t\t<\/div>\n\t\t\t\t<\/div>\n\t\t\t\t<\/div>\n\t\t<div class=\"elementor-element elementor-element-fc80687 e-con-full e-flex agl agl-wipeCSSLeft agl-in-duration-1000 agl-in-delay-0 agl-in-distance-1 e-con e-child\" data-id=\"fc80687\" data-element_type=\"container\" data-settings=\"{&quot;background_background&quot;:&quot;classic&quot;,&quot;agl_in_name&quot;:&quot;wipeCSS&quot;,&quot;agl_in_direction&quot;:&quot;Left&quot;,&quot;agl_in_duration&quot;:{&quot;unit&quot;:&quot;ms&quot;,&quot;size&quot;:1000,&quot;sizes&quot;:[]},&quot;agl_in_delay&quot;:{&quot;unit&quot;:&quot;ms&quot;,&quot;size&quot;:0,&quot;sizes&quot;:[]},&quot;agl_in_distance&quot;:{&quot;unit&quot;:&quot;ms&quot;,&quot;size&quot;:1,&quot;sizes&quot;:[]},&quot;agl_in_repeat&quot;:&quot;no&quot;,&quot;agl_in_lockToScrollbar&quot;:&quot;no&quot;}\">\n\t\t\t\t<\/div>\n\t\t\t\t<\/div>\n\t\t<div class=\"elementor-element elementor-element-c3e21ec e-con-full e-flex e-con e-parent\" data-id=\"c3e21ec\" data-element_type=\"container\">\n\t\t<div class=\"elementor-element elementor-element-546c872 e-con-full e-flex agl agl-wipeCSSRight agl-in-duration-1000 agl-in-delay-0 agl-in-distance-1 e-con e-child\" data-id=\"546c872\" data-element_type=\"container\" data-settings=\"{&quot;background_background&quot;:&quot;classic&quot;,&quot;agl_in_name&quot;:&quot;wipeCSS&quot;,&quot;agl_in_direction&quot;:&quot;Right&quot;,&quot;agl_in_duration&quot;:{&quot;unit&quot;:&quot;ms&quot;,&quot;size&quot;:1000,&quot;sizes&quot;:[]},&quot;agl_in_delay&quot;:{&quot;unit&quot;:&quot;ms&quot;,&quot;size&quot;:0,&quot;sizes&quot;:[]},&quot;agl_in_distance&quot;:{&quot;unit&quot;:&quot;ms&quot;,&quot;size&quot;:1,&quot;sizes&quot;:[]},&quot;agl_in_repeat&quot;:&quot;no&quot;,&quot;agl_in_lockToScrollbar&quot;:&quot;no&quot;}\">\n\t\t\t\t<div class=\"elementor-element elementor-element-521260b elementor-invisible elementor-widget elementor-widget-image\" data-id=\"521260b\" data-element_type=\"widget\" data-settings=\"{&quot;_animation&quot;:&quot;fadeInUp&quot;}\" data-widget_type=\"image.default\">\n\t\t\t\t<div class=\"elementor-widget-container\">\n\t\t\t\t\t\t\t\t\t\t\t\t\t\t\t<img decoding=\"async\" width=\"190\" height=\"153\" src=\"https:\/\/canazados.com\/wp-content\/uploads\/2024\/02\/Mesa-de-trabajo-10.png\" class=\"attachment-large size-large wp-image-103\" alt=\"\" \/>\t\t\t\t\t\t\t\t\t\t\t\t\t\t\t<\/div>\n\t\t\t\t<\/div>\n\t\t\t\t<div class=\"elementor-element elementor-element-2f3f625 elementor-invisible elementor-widget elementor-widget-image\" data-id=\"2f3f625\" data-element_type=\"widget\" data-settings=\"{&quot;_animation&quot;:&quot;fadeInDown&quot;}\" data-widget_type=\"image.default\">\n\t\t\t\t<div class=\"elementor-widget-container\">\n\t\t\t\t\t\t\t\t\t\t\t\t\t\t\t<img decoding=\"async\" width=\"185\" height=\"151\" src=\"https:\/\/canazados.com\/wp-content\/uploads\/2024\/02\/Mesa-de-trabajo-12.png\" class=\"attachment-large size-large wp-image-106\" alt=\"\" \/>\t\t\t\t\t\t\t\t\t\t\t\t\t\t\t<\/div>\n\t\t\t\t<\/div>\n\t\t\t\t<\/div>\n\t\t<div class=\"elementor-element elementor-element-fcb8df0 e-con-full e-flex e-con e-child\" data-id=\"fcb8df0\" data-element_type=\"container\">\n\t\t<div class=\"elementor-element elementor-element-1767018 e-flex e-con-boxed e-con e-child\" data-id=\"1767018\" data-element_type=\"container\">\n\t\t\t\t\t<div class=\"e-con-inner\">\n\t\t\t\t<div class=\"elementor-element elementor-element-700c253 elementor-invisible elementor-widget elementor-widget-image\" data-id=\"700c253\" data-element_type=\"widget\" data-settings=\"{&quot;_animation&quot;:&quot;fadeInUp&quot;}\" data-widget_type=\"image.default\">\n\t\t\t\t<div class=\"elementor-widget-container\">\n\t\t\t\t\t\t\t\t\t\t\t\t\t\t\t<img loading=\"lazy\" decoding=\"async\" width=\"191\" height=\"154\" src=\"https:\/\/canazados.com\/wp-content\/uploads\/2024\/02\/Mesa-de-trabajo-9.png\" class=\"attachment-large size-large wp-image-105\" alt=\"\" \/>\t\t\t\t\t\t\t\t\t\t\t\t\t\t\t<\/div>\n\t\t\t\t<\/div>\n\t\t\t\t\t<\/div>\n\t\t\t\t<\/div>\n\t\t<div class=\"elementor-element elementor-element-fbd6cd3 e-flex e-con-boxed e-con e-child\" data-id=\"fbd6cd3\" data-element_type=\"container\">\n\t\t\t\t\t<div class=\"e-con-inner\">\n\t\t\t\t<div class=\"elementor-element elementor-element-c2118a3 elementor-widget elementor-widget-heading\" data-id=\"c2118a3\" data-element_type=\"widget\" data-widget_type=\"heading.default\">\n\t\t\t\t<div class=\"elementor-widget-container\">\n\t\t\t\t\t<h2 class=\"elementor-heading-title elementor-size-default\">Sin necesidad de experiencia en pocos minutos.<\/h2>\t\t\t\t<\/div>\n\t\t\t\t<\/div>\n\t\t\t\t<div class=\"elementor-element elementor-element-1c62b1f elementor-widget elementor-widget-text-editor\" data-id=\"1c62b1f\" data-element_type=\"widget\" data-widget_type=\"text-editor.default\">\n\t\t\t\t<div class=\"elementor-widget-container\">\n\t\t\t\t\t\t\t\t\t<p>Gracias al alto contenido de frutas, simplemente a\u00f1adiendo hielo y alcohol, podr\u00e1 tener un coctel terminado de la forma m\u00e1s simple.<\/p><p>Cualquier persona, gracias a nuestras recetas, podr\u00e1 elaborar c\u00f3cteles sin necesidad de experiencia previa.<\/p><p>La amplia variedad de sabores le permitir\u00e1, con una misma receta, realizar infinidad de cocteles.<\/p>\t\t\t\t\t\t\t\t<\/div>\n\t\t\t\t<\/div>\n\t\t<div class=\"elementor-element elementor-element-3389fec e-flex e-con-boxed e-con e-child\" data-id=\"3389fec\" data-element_type=\"container\">\n\t\t\t\t\t<div class=\"e-con-inner\">\n\t\t<div class=\"elementor-element elementor-element-d10fb20 e-flex e-con-boxed e-con e-child\" data-id=\"d10fb20\" data-element_type=\"container\">\n\t\t\t\t\t<div class=\"e-con-inner\">\n\t\t\t\t<div class=\"elementor-element elementor-element-ac3f39a elementor-widget elementor-widget-heading\" data-id=\"ac3f39a\" data-element_type=\"widget\" data-widget_type=\"heading.default\">\n\t\t\t\t<div class=\"elementor-widget-container\">\n\t\t\t\t\t<h3 class=\"elementor-heading-title elementor-size-default\">Tap\u00f3n <\/br>antigoteo<\/h3>\t\t\t\t<\/div>\n\t\t\t\t<\/div>\n\t\t\t\t\t<\/div>\n\t\t\t\t<\/div>\n\t\t<div class=\"elementor-element elementor-element-70b7788 e-flex e-con-boxed e-con e-child\" data-id=\"70b7788\" data-element_type=\"container\" data-settings=\"{&quot;background_background&quot;:&quot;classic&quot;}\">\n\t\t\t\t\t<div class=\"e-con-inner\">\n\t\t\t\t<div class=\"elementor-element elementor-element-fb7d91b elementor-widget elementor-widget-image\" data-id=\"fb7d91b\" data-element_type=\"widget\" data-widget_type=\"image.default\">\n\t\t\t\t<div class=\"elementor-widget-container\">\n\t\t\t\t\t\t\t\t\t\t\t\t\t\t\t<img loading=\"lazy\" decoding=\"async\" width=\"791\" height=\"1024\" src=\"https:\/\/canazados.com\/wp-content\/uploads\/2024\/03\/tapon-antigoteo-791x1024.png\" class=\"attachment-large size-large wp-image-905\" alt=\"\" srcset=\"https:\/\/canazados.com\/wp-content\/uploads\/2024\/03\/tapon-antigoteo-791x1024.png 791w, https:\/\/canazados.com\/wp-content\/uploads\/2024\/03\/tapon-antigoteo-232x300.png 232w, https:\/\/canazados.com\/wp-content\/uploads\/2024\/03\/tapon-antigoteo-768x994.png 768w, https:\/\/canazados.com\/wp-content\/uploads\/2024\/03\/tapon-antigoteo-1187x1536.png 1187w, https:\/\/canazados.com\/wp-content\/uploads\/2024\/03\/tapon-antigoteo-9x12.png 9w, https:\/\/canazados.com\/wp-content\/uploads\/2024\/03\/tapon-antigoteo-600x776.png 600w, https:\/\/canazados.com\/wp-content\/uploads\/2024\/03\/tapon-antigoteo.png 1300w\" sizes=\"(max-width: 791px) 100vw, 791px\" \/>\t\t\t\t\t\t\t\t\t\t\t\t\t\t\t<\/div>\n\t\t\t\t<\/div>\n\t\t\t\t\t<\/div>\n\t\t\t\t<\/div>\n\t\t\t\t\t<\/div>\n\t\t\t\t<\/div>\n\t\t\t\t<div class=\"elementor-element elementor-element-88aedea elementor-invisible elementor-widget elementor-widget-button\" data-id=\"88aedea\" data-element_type=\"widget\" data-settings=\"{&quot;_animation&quot;:&quot;fadeInUp&quot;,&quot;_animation_delay&quot;:250}\" data-widget_type=\"button.default\">\n\t\t\t\t<div class=\"elementor-widget-container\">\n\t\t\t\t\t\t\t\t\t<div class=\"elementor-button-wrapper\">\n\t\t\t\t\t<a class=\"elementor-button elementor-button-link elementor-size-sm\" href=\"https:\/\/canazados.com\/en\/contacto\/\">\n\t\t\t\t\t\t<span class=\"elementor-button-content-wrapper\">\n\t\t\t\t\t\t\t\t\t<span class=\"elementor-button-text\">SOLICITAR INFO<\/span>\n\t\t\t\t\t<\/span>\n\t\t\t\t\t<\/a>\n\t\t\t\t<\/div>\n\t\t\t\t\t\t\t\t<\/div>\n\t\t\t\t<\/div>\n\t\t\t\t\t<\/div>\n\t\t\t\t<\/div>\n\t\t<div class=\"elementor-element elementor-element-a6506c6 elementor-hidden-mobile e-flex e-con-boxed e-con e-child\" data-id=\"a6506c6\" data-element_type=\"container\">\n\t\t\t\t\t<div class=\"e-con-inner\">\n\t\t\t\t\t<\/div>\n\t\t\t\t<\/div>\n\t\t\t\t<\/div>\n\t\t\t\t<\/div>\n\t\t<div class=\"elementor-element elementor-element-3b23baa e-con-full e-flex e-con e-parent\" data-id=\"3b23baa\" data-element_type=\"container\">\n\t\t<div class=\"elementor-element elementor-element-45d2592 e-con-full e-flex e-con e-child\" data-id=\"45d2592\" data-element_type=\"container\">\n\t\t<div class=\"elementor-element elementor-element-0bff50e elementor-hidden-mobile e-flex e-con-boxed e-con e-child\" data-id=\"0bff50e\" data-element_type=\"container\">\n\t\t\t\t\t<div class=\"e-con-inner\">\n\t\t\t\t\t<\/div>\n\t\t\t\t<\/div>\n\t\t<div class=\"elementor-element elementor-element-c456391 e-flex e-con-boxed e-con e-child\" data-id=\"c456391\" data-element_type=\"container\">\n\t\t\t\t\t<div class=\"e-con-inner\">\n\t\t\t\t<div class=\"elementor-element elementor-element-bfed394 elementor-widget elementor-widget-heading\" data-id=\"bfed394\" data-element_type=\"widget\" data-widget_type=\"heading.default\">\n\t\t\t\t<div class=\"elementor-widget-container\">\n\t\t\t\t\t<h2 class=\"elementor-heading-title elementor-size-default\">Nuestero coctelero a su disposici\u00f3n.<\/h2>\t\t\t\t<\/div>\n\t\t\t\t<\/div>\n\t\t\t\t<div class=\"elementor-element elementor-element-e7d5d10 elementor-widget elementor-widget-text-editor\" data-id=\"e7d5d10\" data-element_type=\"widget\" data-widget_type=\"text-editor.default\">\n\t\t\t\t<div class=\"elementor-widget-container\">\n\t\t\t\t\t\t\t\t\t<p>\u00b7 Cartas personalizadas<br \/>\u00b7 Formaciones de personal<br \/>\u00b7 C\u00f3ctel del d\u00eda para \u00abtodo incluido\u00bb<\/p>\t\t\t\t\t\t\t\t<\/div>\n\t\t\t\t<\/div>\n\t\t\t\t\t<\/div>\n\t\t\t\t<\/div>\n\t\t<div class=\"elementor-element elementor-element-3f95e23 elementor-hidden-mobile e-flex e-con-boxed e-con e-child\" data-id=\"3f95e23\" data-element_type=\"container\">\n\t\t\t\t\t<div class=\"e-con-inner\">\n\t\t\t\t\t<\/div>\n\t\t\t\t<\/div>\n\t\t\t\t<\/div>\n\t\t<div class=\"elementor-element elementor-element-b867e08 e-con-full e-flex agl agl-wipeCSSLeft agl-in-duration-1000 agl-in-delay-0 agl-in-distance-1 e-con e-child\" data-id=\"b867e08\" data-element_type=\"container\" data-settings=\"{&quot;background_background&quot;:&quot;classic&quot;,&quot;agl_in_name&quot;:&quot;wipeCSS&quot;,&quot;agl_in_direction&quot;:&quot;Left&quot;,&quot;agl_in_duration&quot;:{&quot;unit&quot;:&quot;ms&quot;,&quot;size&quot;:1000,&quot;sizes&quot;:[]},&quot;agl_in_delay&quot;:{&quot;unit&quot;:&quot;ms&quot;,&quot;size&quot;:0,&quot;sizes&quot;:[]},&quot;agl_in_distance&quot;:{&quot;unit&quot;:&quot;ms&quot;,&quot;size&quot;:1,&quot;sizes&quot;:[]},&quot;agl_in_repeat&quot;:&quot;no&quot;,&quot;agl_in_lockToScrollbar&quot;:&quot;no&quot;}\">\n\t\t\t\t<div class=\"elementor-element elementor-element-fba8baf elementor-widget elementor-widget-image\" data-id=\"fba8baf\" data-element_type=\"widget\" data-widget_type=\"image.default\">\n\t\t\t\t<div class=\"elementor-widget-container\">\n\t\t\t\t\t\t\t\t\t\t\t\t\t\t\t<img decoding=\"async\" width=\"190\" height=\"153\" src=\"https:\/\/canazados.com\/wp-content\/uploads\/2024\/02\/Mesa-de-trabajo-10.png\" class=\"attachment-large size-large wp-image-103\" alt=\"\" \/>\t\t\t\t\t\t\t\t\t\t\t\t\t\t\t<\/div>\n\t\t\t\t<\/div>\n\t\t\t\t<div class=\"elementor-element elementor-element-16f2b2a elementor-widget elementor-widget-image\" data-id=\"16f2b2a\" data-element_type=\"widget\" data-widget_type=\"image.default\">\n\t\t\t\t<div class=\"elementor-widget-container\">\n\t\t\t\t\t\t\t\t\t\t\t\t\t\t\t<img loading=\"lazy\" decoding=\"async\" width=\"191\" height=\"154\" src=\"https:\/\/canazados.com\/wp-content\/uploads\/2024\/02\/Mesa-de-trabajo-9.png\" class=\"attachment-large size-large wp-image-105\" alt=\"\" \/>\t\t\t\t\t\t\t\t\t\t\t\t\t\t\t<\/div>\n\t\t\t\t<\/div>\n\t\t\t\t<\/div>\n\t\t<div class=\"elementor-element elementor-element-b818a4a e-con-full e-flex agl agl-wipeCSSLeft agl-in-duration-1000 agl-in-delay-0 agl-in-distance-1 e-con e-child\" data-id=\"b818a4a\" data-element_type=\"container\" data-settings=\"{&quot;background_background&quot;:&quot;classic&quot;,&quot;agl_in_name&quot;:&quot;wipeCSS&quot;,&quot;agl_in_direction&quot;:&quot;Left&quot;,&quot;agl_in_duration&quot;:{&quot;unit&quot;:&quot;ms&quot;,&quot;size&quot;:1000,&quot;sizes&quot;:[]},&quot;agl_in_delay&quot;:{&quot;unit&quot;:&quot;ms&quot;,&quot;size&quot;:0,&quot;sizes&quot;:[]},&quot;agl_in_distance&quot;:{&quot;unit&quot;:&quot;ms&quot;,&quot;size&quot;:1,&quot;sizes&quot;:[]},&quot;agl_in_repeat&quot;:&quot;no&quot;,&quot;agl_in_lockToScrollbar&quot;:&quot;no&quot;}\">\n\t\t\t\t<div class=\"elementor-element elementor-element-99df106 elementor-widget elementor-widget-image\" data-id=\"99df106\" data-element_type=\"widget\" data-widget_type=\"image.default\">\n\t\t\t\t<div class=\"elementor-widget-container\">\n\t\t\t\t\t\t\t\t\t\t\t\t\t\t\t<img loading=\"lazy\" decoding=\"async\" width=\"188\" height=\"152\" src=\"https:\/\/canazados.com\/wp-content\/uploads\/2024\/02\/Mesa-de-trabajo-11.png\" class=\"attachment-large size-large wp-image-104\" alt=\"\" \/>\t\t\t\t\t\t\t\t\t\t\t\t\t\t\t<\/div>\n\t\t\t\t<\/div>\n\t\t\t\t<div class=\"elementor-element elementor-element-bc630d3 elementor-widget elementor-widget-image\" data-id=\"bc630d3\" data-element_type=\"widget\" data-widget_type=\"image.default\">\n\t\t\t\t<div class=\"elementor-widget-container\">\n\t\t\t\t\t\t\t\t\t\t\t\t\t\t\t<img decoding=\"async\" width=\"185\" height=\"151\" src=\"https:\/\/canazados.com\/wp-content\/uploads\/2024\/02\/Mesa-de-trabajo-12.png\" class=\"attachment-large size-large wp-image-106\" alt=\"\" \/>\t\t\t\t\t\t\t\t\t\t\t\t\t\t\t<\/div>\n\t\t\t\t<\/div>\n\t\t\t\t<\/div>\n\t\t\t\t<\/div>\n\t\t\t\t<\/div>","protected":false},"excerpt":{"rendered":"<p>Pur\u00e9s de fruta para cocteler\u00eda. A\u00f1ada con nuestros pur\u00e9s y siropes un intenso sabor a fruta natural a sus c\u00f3cteles. Ya que el alma de nuestro producto es una selecci\u00f3n de las mejores frutas prohibidas. Nuestros pur\u00e9s Devil&#8217;s Ice se adaptan a cualquier tipo de coctelera, INCLUSO PARA TODO INCLUIDO. Sin necesidad de experiencia en [&hellip;]<\/p>","protected":false},"author":1,"featured_media":0,"parent":0,"menu_order":0,"comment_status":"closed","ping_status":"closed","template":"","meta":{"footnotes":""},"class_list":["post-897","page","type-page","status-publish","hentry"],"yoast_head":"<!-- This site is optimized with the Yoast SEO plugin v25.5 - https:\/\/yoast.com\/wordpress\/plugins\/seo\/ -->\n<title>Devil&#039;s Ice - Canazados<\/title>\n<meta name=\"robots\" content=\"index, follow, max-snippet:-1, max-image-preview:large, max-video-preview:-1\" \/>\n<link rel=\"canonical\" href=\"https:\/\/canazados.com\/en\/devils-ice\/\" \/>\n<meta property=\"og:locale\" content=\"en_GB\" \/>\n<meta property=\"og:type\" content=\"article\" \/>\n<meta property=\"og:title\" content=\"Devil&#039;s Ice - Canazados\" \/>\n<meta property=\"og:description\" content=\"Pur\u00e9s de fruta para cocteler\u00eda. A\u00f1ada con nuestros pur\u00e9s y siropes un intenso sabor a fruta natural a sus c\u00f3cteles. Ya que el alma de nuestro producto es una selecci\u00f3n de las mejores frutas prohibidas. Nuestros pur\u00e9s Devil&#8217;s Ice se adaptan a cualquier tipo de coctelera, INCLUSO PARA TODO INCLUIDO. Sin necesidad de experiencia en [&hellip;]\" \/>\n<meta property=\"og:url\" content=\"https:\/\/canazados.com\/en\/devils-ice\/\" \/>\n<meta property=\"og:site_name\" content=\"Canazados\" \/>\n<meta property=\"article:publisher\" content=\"https:\/\/www.facebook.com\/profile.php?id=61555814313087&amp;locale=es_ES\" \/>\n<meta property=\"article:modified_time\" content=\"2024-03-26T12:23:25+00:00\" \/>\n<meta property=\"og:image\" content=\"https:\/\/canazados.com\/wp-content\/uploads\/2024\/03\/devil-logo-copia-4.png\" \/>\n<meta name=\"twitter:card\" content=\"summary_large_image\" \/>\n<meta name=\"twitter:label1\" content=\"Estimated reading time\" \/>\n\t<meta name=\"twitter:data1\" content=\"3 minutes\" \/>\n<script type=\"application\/ld+json\" class=\"yoast-schema-graph\">{\"@context\":\"https:\/\/schema.org\",\"@graph\":[{\"@type\":\"WebPage\",\"@id\":\"https:\/\/canazados.com\/devils-ice\/\",\"url\":\"https:\/\/canazados.com\/devils-ice\/\",\"name\":\"Devil's Ice - Canazados\",\"isPartOf\":{\"@id\":\"https:\/\/canazados.com\/#website\"},\"primaryImageOfPage\":{\"@id\":\"https:\/\/canazados.com\/devils-ice\/#primaryimage\"},\"image\":{\"@id\":\"https:\/\/canazados.com\/devils-ice\/#primaryimage\"},\"thumbnailUrl\":\"https:\/\/canazados.com\/wp-content\/uploads\/2024\/03\/devil-logo-copia-4.png\",\"datePublished\":\"2024-03-14T15:50:02+00:00\",\"dateModified\":\"2024-03-26T12:23:25+00:00\",\"breadcrumb\":{\"@id\":\"https:\/\/canazados.com\/devils-ice\/#breadcrumb\"},\"inLanguage\":\"en-GB\",\"potentialAction\":[{\"@type\":\"ReadAction\",\"target\":[\"https:\/\/canazados.com\/devils-ice\/\"]}]},{\"@type\":\"ImageObject\",\"inLanguage\":\"en-GB\",\"@id\":\"https:\/\/canazados.com\/devils-ice\/#primaryimage\",\"url\":\"https:\/\/canazados.com\/wp-content\/uploads\/2024\/03\/devil-logo-copia-4.png\",\"contentUrl\":\"https:\/\/canazados.com\/wp-content\/uploads\/2024\/03\/devil-logo-copia-4.png\"},{\"@type\":\"BreadcrumbList\",\"@id\":\"https:\/\/canazados.com\/devils-ice\/#breadcrumb\",\"itemListElement\":[{\"@type\":\"ListItem\",\"position\":1,\"name\":\"Portada\",\"item\":\"https:\/\/canazados.com\/\"},{\"@type\":\"ListItem\",\"position\":2,\"name\":\"Devil&#8217;s Ice\"}]},{\"@type\":\"WebSite\",\"@id\":\"https:\/\/canazados.com\/#website\",\"url\":\"https:\/\/canazados.com\/\",\"name\":\"Canazados\",\"description\":\"\",\"publisher\":{\"@id\":\"https:\/\/canazados.com\/#organization\"},\"potentialAction\":[{\"@type\":\"SearchAction\",\"target\":{\"@type\":\"EntryPoint\",\"urlTemplate\":\"https:\/\/canazados.com\/?s={search_term_string}\"},\"query-input\":{\"@type\":\"PropertyValueSpecification\",\"valueRequired\":true,\"valueName\":\"search_term_string\"}}],\"inLanguage\":\"en-GB\"},{\"@type\":\"Organization\",\"@id\":\"https:\/\/canazados.com\/#organization\",\"name\":\"Canazados\",\"url\":\"https:\/\/canazados.com\/\",\"logo\":{\"@type\":\"ImageObject\",\"inLanguage\":\"en-GB\",\"@id\":\"https:\/\/canazados.com\/#\/schema\/logo\/image\/\",\"url\":\"https:\/\/canazados.com\/wp-content\/uploads\/2024\/02\/logo-canazados.png\",\"contentUrl\":\"https:\/\/canazados.com\/wp-content\/uploads\/2024\/02\/logo-canazados.png\",\"width\":807,\"height\":294,\"caption\":\"Canazados\"},\"image\":{\"@id\":\"https:\/\/canazados.com\/#\/schema\/logo\/image\/\"},\"sameAs\":[\"https:\/\/www.facebook.com\/profile.php?id=61555814313087&locale=es_ES\",\"https:\/\/www.instagram.com\/canazados\/\",\"https:\/\/www.linkedin.com\/company\/canazados-sl\/?originalSubdomain=es\"]}]}<\/script>\n<!-- \/ Yoast SEO plugin. -->","yoast_head_json":{"title":"Devil's Ice - Canazados","robots":{"index":"index","follow":"follow","max-snippet":"max-snippet:-1","max-image-preview":"max-image-preview:large","max-video-preview":"max-video-preview:-1"},"canonical":"https:\/\/canazados.com\/en\/devils-ice\/","og_locale":"en_GB","og_type":"article","og_title":"Devil's Ice - Canazados","og_description":"Pur\u00e9s de fruta para cocteler\u00eda. A\u00f1ada con nuestros pur\u00e9s y siropes un intenso sabor a fruta natural a sus c\u00f3cteles. Ya que el alma de nuestro producto es una selecci\u00f3n de las mejores frutas prohibidas. Nuestros pur\u00e9s Devil&#8217;s Ice se adaptan a cualquier tipo de coctelera, INCLUSO PARA TODO INCLUIDO. Sin necesidad de experiencia en [&hellip;]","og_url":"https:\/\/canazados.com\/en\/devils-ice\/","og_site_name":"Canazados","article_publisher":"https:\/\/www.facebook.com\/profile.php?id=61555814313087&locale=es_ES","article_modified_time":"2024-03-26T12:23:25+00:00","og_image":[{"url":"https:\/\/canazados.com\/wp-content\/uploads\/2024\/03\/devil-logo-copia-4.png","type":"","width":"","height":""}],"twitter_card":"summary_large_image","twitter_misc":{"Estimated reading time":"3 minutes"},"schema":{"@context":"https:\/\/schema.org","@graph":[{"@type":"WebPage","@id":"https:\/\/canazados.com\/devils-ice\/","url":"https:\/\/canazados.com\/devils-ice\/","name":"Devil's Ice - Canazados","isPartOf":{"@id":"https:\/\/canazados.com\/#website"},"primaryImageOfPage":{"@id":"https:\/\/canazados.com\/devils-ice\/#primaryimage"},"image":{"@id":"https:\/\/canazados.com\/devils-ice\/#primaryimage"},"thumbnailUrl":"https:\/\/canazados.com\/wp-content\/uploads\/2024\/03\/devil-logo-copia-4.png","datePublished":"2024-03-14T15:50:02+00:00","dateModified":"2024-03-26T12:23:25+00:00","breadcrumb":{"@id":"https:\/\/canazados.com\/devils-ice\/#breadcrumb"},"inLanguage":"en-GB","potentialAction":[{"@type":"ReadAction","target":["https:\/\/canazados.com\/devils-ice\/"]}]},{"@type":"ImageObject","inLanguage":"en-GB","@id":"https:\/\/canazados.com\/devils-ice\/#primaryimage","url":"https:\/\/canazados.com\/wp-content\/uploads\/2024\/03\/devil-logo-copia-4.png","contentUrl":"https:\/\/canazados.com\/wp-content\/uploads\/2024\/03\/devil-logo-copia-4.png"},{"@type":"BreadcrumbList","@id":"https:\/\/canazados.com\/devils-ice\/#breadcrumb","itemListElement":[{"@type":"ListItem","position":1,"name":"Portada","item":"https:\/\/canazados.com\/"},{"@type":"ListItem","position":2,"name":"Devil&#8217;s Ice"}]},{"@type":"WebSite","@id":"https:\/\/canazados.com\/#website","url":"https:\/\/canazados.com\/","name":"Canazados","description":"","publisher":{"@id":"https:\/\/canazados.com\/#organization"},"potentialAction":[{"@type":"SearchAction","target":{"@type":"EntryPoint","urlTemplate":"https:\/\/canazados.com\/?s={search_term_string}"},"query-input":{"@type":"PropertyValueSpecification","valueRequired":true,"valueName":"search_term_string"}}],"inLanguage":"en-GB"},{"@type":"Organization","@id":"https:\/\/canazados.com\/#organization","name":"Canazados","url":"https:\/\/canazados.com\/","logo":{"@type":"ImageObject","inLanguage":"en-GB","@id":"https:\/\/canazados.com\/#\/schema\/logo\/image\/","url":"https:\/\/canazados.com\/wp-content\/uploads\/2024\/02\/logo-canazados.png","contentUrl":"https:\/\/canazados.com\/wp-content\/uploads\/2024\/02\/logo-canazados.png","width":807,"height":294,"caption":"Canazados"},"image":{"@id":"https:\/\/canazados.com\/#\/schema\/logo\/image\/"},"sameAs":["https:\/\/www.facebook.com\/profile.php?id=61555814313087&locale=es_ES","https:\/\/www.instagram.com\/canazados\/","https:\/\/www.linkedin.com\/company\/canazados-sl\/?originalSubdomain=es"]}]}},"_links":{"self":[{"href":"https:\/\/canazados.com\/en\/wp-json\/wp\/v2\/pages\/897","targetHints":{"allow":["GET"]}}],"collection":[{"href":"https:\/\/canazados.com\/en\/wp-json\/wp\/v2\/pages"}],"about":[{"href":"https:\/\/canazados.com\/en\/wp-json\/wp\/v2\/types\/page"}],"author":[{"embeddable":true,"href":"https:\/\/canazados.com\/en\/wp-json\/wp\/v2\/users\/1"}],"replies":[{"embeddable":true,"href":"https:\/\/canazados.com\/en\/wp-json\/wp\/v2\/comments?post=897"}],"version-history":[{"count":0,"href":"https:\/\/canazados.com\/en\/wp-json\/wp\/v2\/pages\/897\/revisions"}],"wp:attachment":[{"href":"https:\/\/canazados.com\/en\/wp-json\/wp\/v2\/media?parent=897"}],"curies":[{"name":"wp","href":"https:\/\/api.w.org\/{rel}","templated":true}]}}