{"id":433,"date":"2024-02-20T15:43:08","date_gmt":"2024-02-20T15:43:08","guid":{"rendered":"https:\/\/canazados.com\/?page_id=433"},"modified":"2024-04-08T11:04:56","modified_gmt":"2024-04-08T11:04:56","slug":"contacto","status":"publish","type":"page","link":"https:\/\/canazados.com\/en\/contacto\/","title":{"rendered":"Contacto"},"content":{"rendered":"<div data-elementor-type=\"wp-page\" data-elementor-id=\"433\" class=\"elementor elementor-433\" data-elementor-post-type=\"page\">\n\t\t\t\t<div class=\"elementor-element elementor-element-b568cc7 e-con-full e-flex e-con e-parent\" data-id=\"b568cc7\" data-element_type=\"container\">\n\t\t<div class=\"elementor-element elementor-element-77c5069 e-con-full e-flex e-con e-child\" data-id=\"77c5069\" data-element_type=\"container\">\n\t\t\t\t<div class=\"elementor-element elementor-element-3d92e66 elementor-invisible elementor-widget elementor-widget-heading\" data-id=\"3d92e66\" data-element_type=\"widget\" data-settings=\"{&quot;_animation&quot;:&quot;fadeInUp&quot;}\" data-widget_type=\"heading.default\">\n\t\t\t\t<div class=\"elementor-widget-container\">\n\t\t\t\t\t<h2 class=\"elementor-heading-title elementor-size-default\">Contacto<\/h2>\t\t\t\t<\/div>\n\t\t\t\t<\/div>\n\t\t\t\t<\/div>\n\t\t<div class=\"elementor-element elementor-element-1c1aaea e-con-full elementor-hidden-mobile e-flex e-con e-child\" data-id=\"1c1aaea\" data-element_type=\"container\">\n\t\t\t\t<div class=\"elementor-element elementor-element-20e26e3 elementor-invisible elementor-widget elementor-widget-image\" data-id=\"20e26e3\" data-element_type=\"widget\" data-settings=\"{&quot;_animation&quot;:&quot;fadeInDown&quot;,&quot;_animation_delay&quot;:250}\" data-widget_type=\"image.default\">\n\t\t\t\t<div class=\"elementor-widget-container\">\n\t\t\t\t\t\t\t\t\t\t\t\t\t\t\t<img fetchpriority=\"high\" decoding=\"async\" width=\"269\" height=\"217\" src=\"https:\/\/canazados.com\/wp-content\/uploads\/2024\/02\/Mesa-de-trabajo-23.png\" class=\"attachment-large size-large wp-image-408\" alt=\"\" \/>\t\t\t\t\t\t\t\t\t\t\t\t\t\t\t<\/div>\n\t\t\t\t<\/div>\n\t\t\t\t<\/div>\n\t\t<div class=\"elementor-element elementor-element-971e68b e-con-full e-flex e-con e-child\" data-id=\"971e68b\" data-element_type=\"container\">\n\t\t\t\t<div class=\"elementor-element elementor-element-d2f1b6f elementor-invisible elementor-widget elementor-widget-image\" data-id=\"d2f1b6f\" data-element_type=\"widget\" data-settings=\"{&quot;_animation&quot;:&quot;fadeInDown&quot;,&quot;_animation_delay&quot;:500}\" data-widget_type=\"image.default\">\n\t\t\t\t<div class=\"elementor-widget-container\">\n\t\t\t\t\t\t\t\t\t\t\t\t\t\t\t<img decoding=\"async\" width=\"191\" height=\"154\" src=\"https:\/\/canazados.com\/wp-content\/uploads\/2024\/02\/Mesa-de-trabajo-9-1.png\" class=\"attachment-large size-large wp-image-405\" alt=\"\" \/>\t\t\t\t\t\t\t\t\t\t\t\t\t\t\t<\/div>\n\t\t\t\t<\/div>\n\t\t\t\t<\/div>\n\t\t\t\t<\/div>\n\t\t<div class=\"elementor-element elementor-element-3ac0531 e-con-full e-flex e-con e-parent\" data-id=\"3ac0531\" data-element_type=\"container\">\n\t\t<div class=\"elementor-element elementor-element-e9e56ef e-con-full e-flex e-con e-child\" data-id=\"e9e56ef\" data-element_type=\"container\">\n\t\t\t\t<div class=\"elementor-element elementor-element-89be5d1 elementor-widget elementor-widget-text-editor\" data-id=\"89be5d1\" data-element_type=\"widget\" data-widget_type=\"text-editor.default\">\n\t\t\t\t<div class=\"elementor-widget-container\">\n\t\t\t\t\t\t\t\t\t<p>Desde 2008 nuestra misi\u00f3n es ofrecer un valor a\u00f1adido en la oferta de alimentaci\u00f3n y bebidas de su hotel, permiti\u00e9ndole diferenciarse y aumentar la satisfacci\u00f3n de sus clientes.<\/p>\t\t\t\t\t\t\t\t<\/div>\n\t\t\t\t<\/div>\n\t\t\t\t<div class=\"elementor-element elementor-element-6e6e77e elementor-icon-list--layout-traditional elementor-list-item-link-full_width elementor-widget elementor-widget-icon-list\" data-id=\"6e6e77e\" data-element_type=\"widget\" data-widget_type=\"icon-list.default\">\n\t\t\t\t<div class=\"elementor-widget-container\">\n\t\t\t\t\t\t\t<ul class=\"elementor-icon-list-items\">\n\t\t\t\t\t\t\t<li class=\"elementor-icon-list-item\">\n\t\t\t\t\t\t\t\t\t\t\t<a href=\"tel:+34922784280\">\n\n\t\t\t\t\t\t\t\t\t\t\t\t<span class=\"elementor-icon-list-icon\">\n\t\t\t\t\t\t\t<svg aria-hidden=\"true\" class=\"e-font-icon-svg e-fas-phone\" viewbox=\"0 0 512 512\" xmlns=\"http:\/\/www.w3.org\/2000\/svg\"><path d=\"M493.4 24.6l-104-24c-11.3-2.6-22.9 3.3-27.5 13.9l-48 112c-4.2 9.8-1.4 21.3 6.9 28l60.6 49.6c-36 76.7-98.9 140.5-177.2 177.2l-49.6-60.6c-6.8-8.3-18.2-11.1-28-6.9l-112 48C3.9 366.5-2 378.1.6 389.4l24 104C27.1 504.2 36.7 512 48 512c256.1 0 464-207.5 464-464 0-11.2-7.7-20.9-18.6-23.4z\"><\/path><\/svg>\t\t\t\t\t\t<\/span>\n\t\t\t\t\t\t\t\t\t\t<span class=\"elementor-icon-list-text\">Oficina: +34 922 78 42 80<\/span>\n\t\t\t\t\t\t\t\t\t\t\t<\/a>\n\t\t\t\t\t\t\t\t\t<\/li>\n\t\t\t\t\t\t\t\t<li class=\"elementor-icon-list-item\">\n\t\t\t\t\t\t\t\t\t\t\t<a href=\"tel:+34672123763\">\n\n\t\t\t\t\t\t\t\t\t\t\t\t<span class=\"elementor-icon-list-icon\">\n\t\t\t\t\t\t\t<svg aria-hidden=\"true\" class=\"e-font-icon-svg e-fas-mobile-alt\" viewbox=\"0 0 320 512\" xmlns=\"http:\/\/www.w3.org\/2000\/svg\"><path d=\"M272 0H48C21.5 0 0 21.5 0 48v416c0 26.5 21.5 48 48 48h224c26.5 0 48-21.5 48-48V48c0-26.5-21.5-48-48-48zM160 480c-17.7 0-32-14.3-32-32s14.3-32 32-32 32 14.3 32 32-14.3 32-32 32zm112-108c0 6.6-5.4 12-12 12H60c-6.6 0-12-5.4-12-12V60c0-6.6 5.4-12 12-12h200c6.6 0 12 5.4 12 12v312z\"><\/path><\/svg>\t\t\t\t\t\t<\/span>\n\t\t\t\t\t\t\t\t\t\t<span class=\"elementor-icon-list-text\">Comercial: +34 672 12 37 63<\/span>\n\t\t\t\t\t\t\t\t\t\t\t<\/a>\n\t\t\t\t\t\t\t\t\t<\/li>\n\t\t\t\t\t\t\t\t<li class=\"elementor-icon-list-item\">\n\t\t\t\t\t\t\t\t\t\t\t<a href=\"https:\/\/maps.app.goo.gl\/TjJYDwqnZJgfJKpL9\">\n\n\t\t\t\t\t\t\t\t\t\t\t\t<span class=\"elementor-icon-list-icon\">\n\t\t\t\t\t\t\t<svg aria-hidden=\"true\" class=\"e-font-icon-svg e-fas-map-marker-alt\" viewbox=\"0 0 384 512\" xmlns=\"http:\/\/www.w3.org\/2000\/svg\"><path d=\"M172.268 501.67C26.97 291.031 0 269.413 0 192 0 85.961 85.961 0 192 0s192 85.961 192 192c0 77.413-26.97 99.031-172.268 309.67-9.535 13.774-29.93 13.773-39.464 0zM192 272c44.183 0 80-35.817 80-80s-35.817-80-80-80-80 35.817-80 80 35.817 80 80 80z\"><\/path><\/svg>\t\t\t\t\t\t<\/span>\n\t\t\t\t\t\t\t\t\t\t<span class=\"elementor-icon-list-text\">C. Hermano Pedro, 131, Nave C10, <\/br>38639, Santa Cruz de Tenerife<\/span>\n\t\t\t\t\t\t\t\t\t\t\t<\/a>\n\t\t\t\t\t\t\t\t\t<\/li>\n\t\t\t\t\t\t<\/ul>\n\t\t\t\t\t\t<\/div>\n\t\t\t\t<\/div>\n\t\t\t\t<\/div>\n\t\t<div class=\"elementor-element elementor-element-5acfe28 e-con-full e-flex agl agl-wipeCSS agl-in-duration-1000 agl-in-delay-0 agl-in-distance-1 e-con e-child\" data-id=\"5acfe28\" data-element_type=\"container\" data-settings=\"{&quot;agl_in_name&quot;:&quot;wipeCSS&quot;,&quot;agl_in_duration&quot;:{&quot;unit&quot;:&quot;ms&quot;,&quot;size&quot;:1000,&quot;sizes&quot;:[]},&quot;agl_in_delay&quot;:{&quot;unit&quot;:&quot;ms&quot;,&quot;size&quot;:0,&quot;sizes&quot;:[]},&quot;agl_in_distance&quot;:{&quot;unit&quot;:&quot;ms&quot;,&quot;size&quot;:1,&quot;sizes&quot;:[]},&quot;agl_in_repeat&quot;:&quot;no&quot;,&quot;agl_in_lockToScrollbar&quot;:&quot;no&quot;}\">\n\t\t\t\t<div class=\"elementor-element elementor-element-f3e4e58 elementor-widget elementor-widget-heading\" data-id=\"f3e4e58\" data-element_type=\"widget\" data-widget_type=\"heading.default\">\n\t\t\t\t<div class=\"elementor-widget-container\">\n\t\t\t\t\t<h2 class=\"elementor-heading-title elementor-size-default\">\u00a1Escr\u00edbenos!<\/h2>\t\t\t\t<\/div>\n\t\t\t\t<\/div>\n\t\t\t\t<div class=\"elementor-element elementor-element-d68bb74 elementor-button-align-stretch elementor-widget elementor-widget-form\" data-id=\"d68bb74\" data-element_type=\"widget\" data-settings=\"{&quot;step_next_label&quot;:&quot;Siguiente&quot;,&quot;step_previous_label&quot;:&quot;Anterior&quot;,&quot;button_width&quot;:&quot;100&quot;,&quot;step_type&quot;:&quot;number_text&quot;,&quot;step_icon_shape&quot;:&quot;circle&quot;}\" data-widget_type=\"form.default\">\n\t\t\t\t<div class=\"elementor-widget-container\">\n\t\t\t\t\t\t\t<form class=\"elementor-form\" method=\"post\" name=\"Nuevo formulario\" action=\"\">\n\t\t\t<input type=\"hidden\" name=\"post_id\" value=\"433\"\/>\n\t\t\t<input type=\"hidden\" name=\"form_id\" value=\"d68bb74\"\/>\n\t\t\t<input type=\"hidden\" name=\"referer_title\" value=\"Canazados\" \/>\n\n\t\t\t\n\t\t\t<div class=\"elementor-form-fields-wrapper elementor-labels-\">\n\t\t\t\t\t\t\t\t<div class=\"elementor-field-type-text elementor-field-group elementor-column elementor-field-group-name elementor-col-33\">\n\t\t\t\t\t\t\t\t\t\t\t\t<label for=\"form-field-name\" class=\"elementor-field-label elementor-screen-only\">\n\t\t\t\t\t\t\t\tNombre\t\t\t\t\t\t\t<\/label>\n\t\t\t\t\t\t\t\t\t\t\t\t\t\t<input size=\"1\" type=\"text\" name=\"form_fields[name]\" id=\"form-field-name\" class=\"elementor-field elementor-size-sm  elementor-field-textual\" placeholder=\"Nombre\">\n\t\t\t\t\t\t\t\t\t\t\t<\/div>\n\t\t\t\t\t\t\t\t<div class=\"elementor-field-type-text elementor-field-group elementor-column elementor-field-group-field_41edcdb elementor-col-33\">\n\t\t\t\t\t\t\t\t\t\t\t\t<label for=\"form-field-field_41edcdb\" class=\"elementor-field-label elementor-screen-only\">\n\t\t\t\t\t\t\t\tApellidos\t\t\t\t\t\t\t<\/label>\n\t\t\t\t\t\t\t\t\t\t\t\t\t\t<input size=\"1\" type=\"text\" name=\"form_fields[field_41edcdb]\" id=\"form-field-field_41edcdb\" class=\"elementor-field elementor-size-sm  elementor-field-textual\" placeholder=\"Apellidos\">\n\t\t\t\t\t\t\t\t\t\t\t<\/div>\n\t\t\t\t\t\t\t\t<div class=\"elementor-field-type-tel elementor-field-group elementor-column elementor-field-group-field_4a891a7 elementor-col-33\">\n\t\t\t\t\t\t\t\t\t\t\t\t<label for=\"form-field-field_4a891a7\" class=\"elementor-field-label elementor-screen-only\">\n\t\t\t\t\t\t\t\tTel\u00e9fono\t\t\t\t\t\t\t<\/label>\n\t\t\t\t\t\t\t\t<input size=\"1\" type=\"tel\" name=\"form_fields[field_4a891a7]\" id=\"form-field-field_4a891a7\" class=\"elementor-field elementor-size-sm  elementor-field-textual\" placeholder=\"Tel\u00e9fono\" pattern=\"[0-9()#&amp;+*-=.]+\" title=\"Only numbers and phone characters (#, -, *, etc) are accepted.\">\n\n\t\t\t\t\t\t<\/div>\n\t\t\t\t\t\t\t\t<div class=\"elementor-field-type-email elementor-field-group elementor-column elementor-field-group-email elementor-col-50 elementor-field-required\">\n\t\t\t\t\t\t\t\t\t\t\t\t<label for=\"form-field-email\" class=\"elementor-field-label elementor-screen-only\">\n\t\t\t\t\t\t\t\tCorreo electr\u00f3nico\t\t\t\t\t\t\t<\/label>\n\t\t\t\t\t\t\t\t\t\t\t\t\t\t<input size=\"1\" type=\"email\" name=\"form_fields[email]\" id=\"form-field-email\" class=\"elementor-field elementor-size-sm  elementor-field-textual\" placeholder=\"Correo electr\u00f3nico\" required=\"required\" aria-required=\"true\">\n\t\t\t\t\t\t\t\t\t\t\t<\/div>\n\t\t\t\t\t\t\t\t<div class=\"elementor-field-type-text elementor-field-group elementor-column elementor-field-group-field_a3b5286 elementor-col-50 elementor-field-required\">\n\t\t\t\t\t\t\t\t\t\t\t\t<label for=\"form-field-field_a3b5286\" class=\"elementor-field-label elementor-screen-only\">\n\t\t\t\t\t\t\t\tEmpresa\t\t\t\t\t\t\t<\/label>\n\t\t\t\t\t\t\t\t\t\t\t\t\t\t<input size=\"1\" type=\"text\" name=\"form_fields[field_a3b5286]\" id=\"form-field-field_a3b5286\" class=\"elementor-field elementor-size-sm  elementor-field-textual\" placeholder=\"Empresa\" required=\"required\" aria-required=\"true\">\n\t\t\t\t\t\t\t\t\t\t\t<\/div>\n\t\t\t\t\t\t\t\t<div class=\"elementor-field-type-textarea elementor-field-group elementor-column elementor-field-group-message elementor-col-100\">\n\t\t\t\t\t\t\t\t\t\t\t\t<label for=\"form-field-message\" class=\"elementor-field-label elementor-screen-only\">\n\t\t\t\t\t\t\t\tMensaje\t\t\t\t\t\t\t<\/label>\n\t\t\t\t\t\t<textarea class=\"elementor-field-textual elementor-field  elementor-size-sm\" name=\"form_fields[message]\" id=\"form-field-message\" rows=\"4\" placeholder=\"Mensaje\"><\/textarea>\t\t\t\t<\/div>\n\t\t\t\t\t\t\t\t<div class=\"elementor-field-type-acceptance elementor-field-group elementor-column elementor-field-group-field_22c4dee elementor-col-100 elementor-field-required\">\n\t\t\t\t\t\t\t<div class=\"elementor-field-subgroup\">\n\t\t\t<span class=\"elementor-field-option\">\n\t\t\t\t<input type=\"checkbox\" name=\"form_fields[field_22c4dee]\" id=\"form-field-field_22c4dee\" class=\"elementor-field elementor-size-sm  elementor-acceptance-field\" required=\"required\" aria-required=\"true\">\n\t\t\t\t<label for=\"form-field-field_22c4dee\">Acepta la <b><u><a href=\"https:\/\/canazados.com\/en\/politica-de-privacidad\/\">Pol\u00edtica de privacidad<\/a><\/u><\/b><\/label>\t\t\t<\/span>\n\t\t<\/div>\n\t\t\t\t\t\t<\/div>\n\t\t\t\t\t\t\t\t<div class=\"elementor-field-type-text\">\n\t\t\t\t\t<input size=\"1\" type=\"text\" name=\"form_fields[field_7f400b5]\" id=\"form-field-field_7f400b5\" class=\"elementor-field elementor-size-sm\" style=\"display:none !important;\">\t\t\t\t<\/div>\n\t\t\t\t\t\t\t\t<div class=\"elementor-field-group elementor-column elementor-field-type-submit elementor-col-100 e-form__buttons\">\n\t\t\t\t\t<button type=\"submit\" class=\"elementor-button elementor-size-sm\">\n\t\t\t\t\t\t<span >\n\t\t\t\t\t\t\t\t\t\t\t\t\t\t\t<span class=\"elementor-button-icon\">\n\t\t\t\t\t\t\t\t\t\t\t\t\t\t\t\t\t\t\t\t\t\t\t\t\t\t<\/span>\n\t\t\t\t\t\t\t\t\t\t\t\t\t\t\t\t\t\t\t\t\t\t<span class=\"elementor-button-text\">Enviar<\/span>\n\t\t\t\t\t\t\t\t\t\t\t\t\t<\/span>\n\t\t\t\t\t<\/button>\n\t\t\t\t<\/div>\n\t\t\t<\/div>\n\t\t<input type=\"hidden\" name=\"trp-form-language\" value=\"en\"\/><\/form>\n\t\t\t\t\t\t<\/div>\n\t\t\t\t<\/div>\n\t\t\t\t<\/div>\n\t\t\t\t<\/div>\n\t\t<div class=\"elementor-element elementor-element-110661e e-con-full e-flex e-con e-parent\" data-id=\"110661e\" data-element_type=\"container\">\n\t\t<div class=\"elementor-element elementor-element-291e6c4 e-con-full elementor-hidden-mobile e-flex e-con e-child\" data-id=\"291e6c4\" data-element_type=\"container\">\n\t\t\t\t<div class=\"elementor-element elementor-element-5466e9e elementor-invisible elementor-widget elementor-widget-image\" data-id=\"5466e9e\" data-element_type=\"widget\" data-settings=\"{&quot;_animation&quot;:&quot;fadeInUp&quot;,&quot;_animation_delay&quot;:250}\" data-widget_type=\"image.default\">\n\t\t\t\t<div class=\"elementor-widget-container\">\n\t\t\t\t\t\t\t\t\t\t\t\t\t\t\t<img decoding=\"async\" width=\"191\" height=\"154\" src=\"https:\/\/canazados.com\/wp-content\/uploads\/2024\/02\/Mesa-de-trabajo-9-1.png\" class=\"attachment-large size-large wp-image-405\" alt=\"\" \/>\t\t\t\t\t\t\t\t\t\t\t\t\t\t\t<\/div>\n\t\t\t\t<\/div>\n\t\t\t\t<\/div>\n\t\t<div class=\"elementor-element elementor-element-f2bb4f1 e-con-full elementor-hidden-mobile e-flex e-con e-child\" data-id=\"f2bb4f1\" data-element_type=\"container\">\n\t\t\t\t<\/div>\n\t\t<div class=\"elementor-element elementor-element-f1e360a e-con-full e-flex e-con e-child\" data-id=\"f1e360a\" data-element_type=\"container\">\n\t\t\t\t<div class=\"elementor-element elementor-element-e9f4a09 elementor-invisible elementor-widget elementor-widget-image\" data-id=\"e9f4a09\" data-element_type=\"widget\" data-settings=\"{&quot;_animation&quot;:&quot;fadeInUp&quot;,&quot;_animation_delay&quot;:500}\" data-widget_type=\"image.default\">\n\t\t\t\t<div class=\"elementor-widget-container\">\n\t\t\t\t\t\t\t\t\t\t\t\t\t\t\t<img decoding=\"async\" width=\"269\" height=\"217\" src=\"https:\/\/canazados.com\/wp-content\/uploads\/2024\/02\/Mesa-de-trabajo-24.png\" class=\"attachment-large size-large wp-image-407\" alt=\"\" \/>\t\t\t\t\t\t\t\t\t\t\t\t\t\t\t<\/div>\n\t\t\t\t<\/div>\n\t\t\t\t<\/div>\n\t\t\t\t<\/div>\n\t\t\t\t<\/div>","protected":false},"excerpt":{"rendered":"<p>Contacto Desde 2008 nuestra misi\u00f3n es ofrecer un valor a\u00f1adido en la oferta de alimentaci\u00f3n y bebidas de su hotel, permiti\u00e9ndole diferenciarse y aumentar la satisfacci\u00f3n de sus clientes. Oficina: +34 922 78 42 80 Comercial: +34 672 12 37 63 C. Hermano Pedro, 131, Nave C10, 38639, Santa Cruz de Tenerife \u00a1Escr\u00edbenos!<\/p>","protected":false},"author":1,"featured_media":0,"parent":0,"menu_order":0,"comment_status":"closed","ping_status":"closed","template":"","meta":{"footnotes":""},"class_list":["post-433","page","type-page","status-publish","hentry"],"yoast_head":"<!-- This site is optimized with the Yoast SEO plugin v25.5 - https:\/\/yoast.com\/wordpress\/plugins\/seo\/ -->\n<title>Contacto - Canazados<\/title>\n<meta name=\"robots\" content=\"index, follow, max-snippet:-1, max-image-preview:large, max-video-preview:-1\" \/>\n<link rel=\"canonical\" href=\"https:\/\/canazados.com\/en\/contacto\/\" \/>\n<meta property=\"og:locale\" content=\"en_GB\" \/>\n<meta property=\"og:type\" content=\"article\" \/>\n<meta property=\"og:title\" content=\"Contacto - Canazados\" \/>\n<meta property=\"og:description\" content=\"Contacto Desde 2008 nuestra misi\u00f3n es ofrecer un valor a\u00f1adido en la oferta de alimentaci\u00f3n y bebidas de su hotel, permiti\u00e9ndole diferenciarse y aumentar la satisfacci\u00f3n de sus clientes. Oficina: +34 922 78 42 80 Comercial: +34 672 12 37 63 C. Hermano Pedro, 131, Nave C10, 38639, Santa Cruz de Tenerife \u00a1Escr\u00edbenos!\" \/>\n<meta property=\"og:url\" content=\"https:\/\/canazados.com\/en\/contacto\/\" \/>\n<meta property=\"og:site_name\" content=\"Canazados\" \/>\n<meta property=\"article:publisher\" content=\"https:\/\/www.facebook.com\/profile.php?id=61555814313087&amp;locale=es_ES\" \/>\n<meta property=\"article:modified_time\" content=\"2024-04-08T11:04:56+00:00\" \/>\n<meta property=\"og:image\" content=\"https:\/\/canazados.com\/wp-content\/uploads\/2024\/02\/Mesa-de-trabajo-23.png\" \/>\n<meta name=\"twitter:card\" content=\"summary_large_image\" \/>\n<meta name=\"twitter:label1\" content=\"Estimated reading time\" \/>\n\t<meta name=\"twitter:data1\" content=\"2 minutes\" \/>\n<script type=\"application\/ld+json\" class=\"yoast-schema-graph\">{\"@context\":\"https:\/\/schema.org\",\"@graph\":[{\"@type\":\"WebPage\",\"@id\":\"https:\/\/canazados.com\/contacto\/\",\"url\":\"https:\/\/canazados.com\/contacto\/\",\"name\":\"Contacto - Canazados\",\"isPartOf\":{\"@id\":\"https:\/\/canazados.com\/#website\"},\"primaryImageOfPage\":{\"@id\":\"https:\/\/canazados.com\/contacto\/#primaryimage\"},\"image\":{\"@id\":\"https:\/\/canazados.com\/contacto\/#primaryimage\"},\"thumbnailUrl\":\"https:\/\/canazados.com\/wp-content\/uploads\/2024\/02\/Mesa-de-trabajo-23.png\",\"datePublished\":\"2024-02-20T15:43:08+00:00\",\"dateModified\":\"2024-04-08T11:04:56+00:00\",\"breadcrumb\":{\"@id\":\"https:\/\/canazados.com\/contacto\/#breadcrumb\"},\"inLanguage\":\"en-GB\",\"potentialAction\":[{\"@type\":\"ReadAction\",\"target\":[\"https:\/\/canazados.com\/contacto\/\"]}]},{\"@type\":\"ImageObject\",\"inLanguage\":\"en-GB\",\"@id\":\"https:\/\/canazados.com\/contacto\/#primaryimage\",\"url\":\"https:\/\/canazados.com\/wp-content\/uploads\/2024\/02\/Mesa-de-trabajo-23.png\",\"contentUrl\":\"https:\/\/canazados.com\/wp-content\/uploads\/2024\/02\/Mesa-de-trabajo-23.png\"},{\"@type\":\"BreadcrumbList\",\"@id\":\"https:\/\/canazados.com\/contacto\/#breadcrumb\",\"itemListElement\":[{\"@type\":\"ListItem\",\"position\":1,\"name\":\"Portada\",\"item\":\"https:\/\/canazados.com\/\"},{\"@type\":\"ListItem\",\"position\":2,\"name\":\"Contacto\"}]},{\"@type\":\"WebSite\",\"@id\":\"https:\/\/canazados.com\/#website\",\"url\":\"https:\/\/canazados.com\/\",\"name\":\"Canazados\",\"description\":\"\",\"publisher\":{\"@id\":\"https:\/\/canazados.com\/#organization\"},\"potentialAction\":[{\"@type\":\"SearchAction\",\"target\":{\"@type\":\"EntryPoint\",\"urlTemplate\":\"https:\/\/canazados.com\/?s={search_term_string}\"},\"query-input\":{\"@type\":\"PropertyValueSpecification\",\"valueRequired\":true,\"valueName\":\"search_term_string\"}}],\"inLanguage\":\"en-GB\"},{\"@type\":\"Organization\",\"@id\":\"https:\/\/canazados.com\/#organization\",\"name\":\"Canazados\",\"url\":\"https:\/\/canazados.com\/\",\"logo\":{\"@type\":\"ImageObject\",\"inLanguage\":\"en-GB\",\"@id\":\"https:\/\/canazados.com\/#\/schema\/logo\/image\/\",\"url\":\"https:\/\/canazados.com\/wp-content\/uploads\/2024\/02\/logo-canazados.png\",\"contentUrl\":\"https:\/\/canazados.com\/wp-content\/uploads\/2024\/02\/logo-canazados.png\",\"width\":807,\"height\":294,\"caption\":\"Canazados\"},\"image\":{\"@id\":\"https:\/\/canazados.com\/#\/schema\/logo\/image\/\"},\"sameAs\":[\"https:\/\/www.facebook.com\/profile.php?id=61555814313087&locale=es_ES\",\"https:\/\/www.instagram.com\/canazados\/\",\"https:\/\/www.linkedin.com\/company\/canazados-sl\/?originalSubdomain=es\"]}]}<\/script>\n<!-- \/ Yoast SEO plugin. -->","yoast_head_json":{"title":"Contacto - Canazados","robots":{"index":"index","follow":"follow","max-snippet":"max-snippet:-1","max-image-preview":"max-image-preview:large","max-video-preview":"max-video-preview:-1"},"canonical":"https:\/\/canazados.com\/en\/contacto\/","og_locale":"en_GB","og_type":"article","og_title":"Contacto - Canazados","og_description":"Contacto Desde 2008 nuestra misi\u00f3n es ofrecer un valor a\u00f1adido en la oferta de alimentaci\u00f3n y bebidas de su hotel, permiti\u00e9ndole diferenciarse y aumentar la satisfacci\u00f3n de sus clientes. Oficina: +34 922 78 42 80 Comercial: +34 672 12 37 63 C. Hermano Pedro, 131, Nave C10, 38639, Santa Cruz de Tenerife \u00a1Escr\u00edbenos!","og_url":"https:\/\/canazados.com\/en\/contacto\/","og_site_name":"Canazados","article_publisher":"https:\/\/www.facebook.com\/profile.php?id=61555814313087&locale=es_ES","article_modified_time":"2024-04-08T11:04:56+00:00","og_image":[{"url":"https:\/\/canazados.com\/wp-content\/uploads\/2024\/02\/Mesa-de-trabajo-23.png","type":"","width":"","height":""}],"twitter_card":"summary_large_image","twitter_misc":{"Estimated reading time":"2 minutes"},"schema":{"@context":"https:\/\/schema.org","@graph":[{"@type":"WebPage","@id":"https:\/\/canazados.com\/contacto\/","url":"https:\/\/canazados.com\/contacto\/","name":"Contacto - Canazados","isPartOf":{"@id":"https:\/\/canazados.com\/#website"},"primaryImageOfPage":{"@id":"https:\/\/canazados.com\/contacto\/#primaryimage"},"image":{"@id":"https:\/\/canazados.com\/contacto\/#primaryimage"},"thumbnailUrl":"https:\/\/canazados.com\/wp-content\/uploads\/2024\/02\/Mesa-de-trabajo-23.png","datePublished":"2024-02-20T15:43:08+00:00","dateModified":"2024-04-08T11:04:56+00:00","breadcrumb":{"@id":"https:\/\/canazados.com\/contacto\/#breadcrumb"},"inLanguage":"en-GB","potentialAction":[{"@type":"ReadAction","target":["https:\/\/canazados.com\/contacto\/"]}]},{"@type":"ImageObject","inLanguage":"en-GB","@id":"https:\/\/canazados.com\/contacto\/#primaryimage","url":"https:\/\/canazados.com\/wp-content\/uploads\/2024\/02\/Mesa-de-trabajo-23.png","contentUrl":"https:\/\/canazados.com\/wp-content\/uploads\/2024\/02\/Mesa-de-trabajo-23.png"},{"@type":"BreadcrumbList","@id":"https:\/\/canazados.com\/contacto\/#breadcrumb","itemListElement":[{"@type":"ListItem","position":1,"name":"Portada","item":"https:\/\/canazados.com\/"},{"@type":"ListItem","position":2,"name":"Contacto"}]},{"@type":"WebSite","@id":"https:\/\/canazados.com\/#website","url":"https:\/\/canazados.com\/","name":"Canazados","description":"","publisher":{"@id":"https:\/\/canazados.com\/#organization"},"potentialAction":[{"@type":"SearchAction","target":{"@type":"EntryPoint","urlTemplate":"https:\/\/canazados.com\/?s={search_term_string}"},"query-input":{"@type":"PropertyValueSpecification","valueRequired":true,"valueName":"search_term_string"}}],"inLanguage":"en-GB"},{"@type":"Organization","@id":"https:\/\/canazados.com\/#organization","name":"Canazados","url":"https:\/\/canazados.com\/","logo":{"@type":"ImageObject","inLanguage":"en-GB","@id":"https:\/\/canazados.com\/#\/schema\/logo\/image\/","url":"https:\/\/canazados.com\/wp-content\/uploads\/2024\/02\/logo-canazados.png","contentUrl":"https:\/\/canazados.com\/wp-content\/uploads\/2024\/02\/logo-canazados.png","width":807,"height":294,"caption":"Canazados"},"image":{"@id":"https:\/\/canazados.com\/#\/schema\/logo\/image\/"},"sameAs":["https:\/\/www.facebook.com\/profile.php?id=61555814313087&locale=es_ES","https:\/\/www.instagram.com\/canazados\/","https:\/\/www.linkedin.com\/company\/canazados-sl\/?originalSubdomain=es"]}]}},"_links":{"self":[{"href":"https:\/\/canazados.com\/en\/wp-json\/wp\/v2\/pages\/433","targetHints":{"allow":["GET"]}}],"collection":[{"href":"https:\/\/canazados.com\/en\/wp-json\/wp\/v2\/pages"}],"about":[{"href":"https:\/\/canazados.com\/en\/wp-json\/wp\/v2\/types\/page"}],"author":[{"embeddable":true,"href":"https:\/\/canazados.com\/en\/wp-json\/wp\/v2\/users\/1"}],"replies":[{"embeddable":true,"href":"https:\/\/canazados.com\/en\/wp-json\/wp\/v2\/comments?post=433"}],"version-history":[{"count":0,"href":"https:\/\/canazados.com\/en\/wp-json\/wp\/v2\/pages\/433\/revisions"}],"wp:attachment":[{"href":"https:\/\/canazados.com\/en\/wp-json\/wp\/v2\/media?parent=433"}],"curies":[{"name":"wp","href":"https:\/\/api.w.org\/{rel}","templated":true}]}}