{"id":397,"date":"2024-02-20T14:56:57","date_gmt":"2024-02-20T14:56:57","guid":{"rendered":"https:\/\/canazados.com\/?page_id=397"},"modified":"2024-03-18T08:24:59","modified_gmt":"2024-03-18T08:24:59","slug":"filosofia","status":"publish","type":"page","link":"https:\/\/canazados.com\/en\/filosofia\/","title":{"rendered":"Filosof\u00eda"},"content":{"rendered":"<div data-elementor-type=\"wp-page\" data-elementor-id=\"397\" class=\"elementor elementor-397\" data-elementor-post-type=\"page\">\n\t\t\t\t<div class=\"elementor-element elementor-element-b568cc7 e-con-full e-flex e-con e-parent\" data-id=\"b568cc7\" data-element_type=\"container\">\n\t\t<div class=\"elementor-element elementor-element-77c5069 e-con-full e-flex e-con e-child\" data-id=\"77c5069\" data-element_type=\"container\">\n\t\t\t\t<div class=\"elementor-element elementor-element-3d92e66 elementor-invisible elementor-widget elementor-widget-heading\" data-id=\"3d92e66\" data-element_type=\"widget\" data-settings=\"{&quot;_animation&quot;:&quot;fadeInUp&quot;}\" data-widget_type=\"heading.default\">\n\t\t\t\t<div class=\"elementor-widget-container\">\n\t\t\t\t\t<h2 class=\"elementor-heading-title elementor-size-default\">Filosof\u00eda<\/h2>\t\t\t\t<\/div>\n\t\t\t\t<\/div>\n\t\t\t\t<div class=\"elementor-element elementor-element-827d29c elementor-hidden-mobile elementor-invisible elementor-widget elementor-widget-image\" data-id=\"827d29c\" data-element_type=\"widget\" data-settings=\"{&quot;_animation&quot;:&quot;fadeInUp&quot;,&quot;_animation_delay&quot;:500}\" data-widget_type=\"image.default\">\n\t\t\t\t<div class=\"elementor-widget-container\">\n\t\t\t\t\t\t\t\t\t\t\t\t\t\t\t<img decoding=\"async\" width=\"191\" height=\"154\" src=\"https:\/\/canazados.com\/wp-content\/uploads\/2024\/02\/Mesa-de-trabajo-9-1.png\" class=\"attachment-large size-large wp-image-405\" alt=\"\" \/>\t\t\t\t\t\t\t\t\t\t\t\t\t\t\t<\/div>\n\t\t\t\t<\/div>\n\t\t\t\t<\/div>\n\t\t<div class=\"elementor-element elementor-element-1c1aaea e-con-full e-flex e-con e-child\" data-id=\"1c1aaea\" data-element_type=\"container\">\n\t\t\t\t<div class=\"elementor-element elementor-element-20e26e3 elementor-invisible elementor-widget elementor-widget-image\" data-id=\"20e26e3\" data-element_type=\"widget\" data-settings=\"{&quot;_animation&quot;:&quot;fadeInDown&quot;,&quot;_animation_delay&quot;:250}\" data-widget_type=\"image.default\">\n\t\t\t\t<div class=\"elementor-widget-container\">\n\t\t\t\t\t\t\t\t\t\t\t\t\t\t\t<img fetchpriority=\"high\" decoding=\"async\" width=\"269\" height=\"217\" src=\"https:\/\/canazados.com\/wp-content\/uploads\/2024\/02\/Mesa-de-trabajo-23.png\" class=\"attachment-large size-large wp-image-408\" alt=\"\" \/>\t\t\t\t\t\t\t\t\t\t\t\t\t\t\t<\/div>\n\t\t\t\t<\/div>\n\t\t\t\t<div class=\"elementor-element elementor-element-72ee499 elementor-invisible elementor-widget elementor-widget-text-editor\" data-id=\"72ee499\" data-element_type=\"widget\" data-settings=\"{&quot;_animation&quot;:&quot;fadeInUp&quot;,&quot;_animation_delay&quot;:250}\" data-widget_type=\"text-editor.default\">\n\t\t\t\t<div class=\"elementor-widget-container\">\n\t\t\t\t\t\t\t\t\t<p>En la actualidad, las personas estamos cada vez m\u00e1s implicadas en cuidar nuestra calidad de vida y consumir productos que cumplan con altos est\u00e1ndares. En ocasiones, preferimos invertir un poco m\u00e1s en un producto, confiando en su calidad. Sin embargo, en el \u00e1mbito hotelero, de la restauraci\u00f3n, etc. a menudo sucede que los productos disponibles est\u00e1n limitados por los acuerdos comerciales de los propios establecimientos.<\/p><p>En Canazados, nuestra misi\u00f3n es proporcionar productos de la m\u00e1s alta calidad a precios excepcionalmente competitivos. Nuestra amplia gama de productos incluye cinco marcas l\u00edderes en el mercado mundial, permitiendo a nuestros clientes acceder a una amplia variedad de productos con la comodidad de un solo proveedor. No solo se trata de instalar una maquina dispensadora, en ocaciones si el cliente lo requiere, creamos estaciones o corners personalizados, que aumentan el valor de la experiencia del cliente.<\/p><p>Enfocamos nuestra energ\u00eda en el compromiso, tanto internamente como en nuestras relaciones exteriores.<br \/>Buscamos constantemente la excelencia en el servicio, respaldados por una s\u00f3lida imagen que progresivamente nos va consolidado en el mercado.<\/p>\t\t\t\t\t\t\t\t<\/div>\n\t\t\t\t<\/div>\n\t\t\t\t<\/div>\n\t\t<div class=\"elementor-element elementor-element-971e68b e-con-full e-flex e-con e-child\" data-id=\"971e68b\" data-element_type=\"container\">\n\t\t\t\t<div class=\"elementor-element elementor-element-d2f1b6f elementor-invisible elementor-widget elementor-widget-image\" data-id=\"d2f1b6f\" data-element_type=\"widget\" data-settings=\"{&quot;_animation&quot;:&quot;fadeInDown&quot;,&quot;_animation_delay&quot;:500}\" data-widget_type=\"image.default\">\n\t\t\t\t<div class=\"elementor-widget-container\">\n\t\t\t\t\t\t\t\t\t\t\t\t\t\t\t<img decoding=\"async\" width=\"191\" height=\"154\" src=\"https:\/\/canazados.com\/wp-content\/uploads\/2024\/02\/Mesa-de-trabajo-9-1.png\" class=\"attachment-large size-large wp-image-405\" alt=\"\" \/>\t\t\t\t\t\t\t\t\t\t\t\t\t\t\t<\/div>\n\t\t\t\t<\/div>\n\t\t\t\t<div class=\"elementor-element elementor-element-a72aba3 elementor-invisible elementor-widget elementor-widget-text-editor\" data-id=\"a72aba3\" data-element_type=\"widget\" data-settings=\"{&quot;_animation&quot;:&quot;fadeInUp&quot;,&quot;_animation_delay&quot;:500}\" data-widget_type=\"text-editor.default\">\n\t\t\t\t<div class=\"elementor-widget-container\">\n\t\t\t\t\t\t\t\t\t<p>Optar por los servicios de Canazados es una elecci\u00f3n segura y estrat\u00e9gica. Es una oportunidad para fortalecer tu negocio al asociarlo con una l\u00ednea de productos premium que realzar\u00e1n la identidad de tu propia marca y sumar\u00e1 prestigio. En muchas ocasiones, los clientes se llevan consigo recuerdos simples y detalles triviales, gracias a su memoria selectiva. Por ello, \u00bfqu\u00e9 mejor manera de asegurar que recuerden la excelencia que ofrece tu establecimiento a trav\u00e9s de la calidad de un caf\u00e9 con personalidad, un zumo delicioso o un helado con textura insuperable? <\/p>\n<p><span style=\"text-align: var(--text-align); font-size: 1rem;\">Los productos de Canazados no son solo productos; son recuerdos que perduran en el tiempo, sabores que dejan huella y pasan a formar parte de nuestra vida de forma significativa.<\/span><br><\/p>\t\t\t\t\t\t\t\t<\/div>\n\t\t\t\t<\/div>\n\t\t\t\t<div class=\"elementor-element elementor-element-2945f82 elementor-invisible elementor-widget elementor-widget-image\" data-id=\"2945f82\" data-element_type=\"widget\" data-settings=\"{&quot;_animation&quot;:&quot;fadeInUp&quot;,&quot;_animation_delay&quot;:250}\" data-widget_type=\"image.default\">\n\t\t\t\t<div class=\"elementor-widget-container\">\n\t\t\t\t\t\t\t\t\t\t\t\t\t\t\t<img decoding=\"async\" width=\"269\" height=\"217\" src=\"https:\/\/canazados.com\/wp-content\/uploads\/2024\/02\/Mesa-de-trabajo-24.png\" class=\"attachment-large size-large wp-image-407\" alt=\"\" \/>\t\t\t\t\t\t\t\t\t\t\t\t\t\t\t<\/div>\n\t\t\t\t<\/div>\n\t\t\t\t<\/div>\n\t\t\t\t<\/div>\n\t\t\t\t<\/div>","protected":false},"excerpt":{"rendered":"<p>Filosof\u00eda En la actualidad, las personas estamos cada vez m\u00e1s implicadas en cuidar nuestra calidad de vida y consumir productos que cumplan con altos est\u00e1ndares. En ocasiones, preferimos invertir un poco m\u00e1s en un producto, confiando en su calidad. Sin embargo, en el \u00e1mbito hotelero, de la restauraci\u00f3n, etc. a menudo sucede que los productos [&hellip;]<\/p>","protected":false},"author":1,"featured_media":0,"parent":0,"menu_order":0,"comment_status":"closed","ping_status":"closed","template":"","meta":{"footnotes":""},"class_list":["post-397","page","type-page","status-publish","hentry"],"yoast_head":"<!-- This site is optimized with the Yoast SEO plugin v25.5 - https:\/\/yoast.com\/wordpress\/plugins\/seo\/ -->\n<title>Filosof\u00eda - Canazados<\/title>\n<meta name=\"robots\" content=\"index, follow, max-snippet:-1, max-image-preview:large, max-video-preview:-1\" \/>\n<link rel=\"canonical\" href=\"https:\/\/canazados.com\/en\/filosofia\/\" \/>\n<meta property=\"og:locale\" content=\"en_GB\" \/>\n<meta property=\"og:type\" content=\"article\" \/>\n<meta property=\"og:title\" content=\"Filosof\u00eda - Canazados\" \/>\n<meta property=\"og:description\" content=\"Filosof\u00eda En la actualidad, las personas estamos cada vez m\u00e1s implicadas en cuidar nuestra calidad de vida y consumir productos que cumplan con altos est\u00e1ndares. En ocasiones, preferimos invertir un poco m\u00e1s en un producto, confiando en su calidad. Sin embargo, en el \u00e1mbito hotelero, de la restauraci\u00f3n, etc. a menudo sucede que los productos [&hellip;]\" \/>\n<meta property=\"og:url\" content=\"https:\/\/canazados.com\/en\/filosofia\/\" \/>\n<meta property=\"og:site_name\" content=\"Canazados\" \/>\n<meta property=\"article:publisher\" content=\"https:\/\/www.facebook.com\/profile.php?id=61555814313087&amp;locale=es_ES\" \/>\n<meta property=\"article:modified_time\" content=\"2024-03-18T08:24:59+00:00\" \/>\n<meta property=\"og:image\" content=\"https:\/\/canazados.com\/wp-content\/uploads\/2024\/02\/Mesa-de-trabajo-9-1.png\" \/>\n<meta name=\"twitter:card\" content=\"summary_large_image\" \/>\n<meta name=\"twitter:label1\" content=\"Estimated reading time\" \/>\n\t<meta name=\"twitter:data1\" content=\"3 minutes\" \/>\n<script type=\"application\/ld+json\" class=\"yoast-schema-graph\">{\"@context\":\"https:\/\/schema.org\",\"@graph\":[{\"@type\":\"WebPage\",\"@id\":\"https:\/\/canazados.com\/filosofia\/\",\"url\":\"https:\/\/canazados.com\/filosofia\/\",\"name\":\"Filosof\u00eda - Canazados\",\"isPartOf\":{\"@id\":\"https:\/\/canazados.com\/#website\"},\"primaryImageOfPage\":{\"@id\":\"https:\/\/canazados.com\/filosofia\/#primaryimage\"},\"image\":{\"@id\":\"https:\/\/canazados.com\/filosofia\/#primaryimage\"},\"thumbnailUrl\":\"https:\/\/canazados.com\/wp-content\/uploads\/2024\/02\/Mesa-de-trabajo-9-1.png\",\"datePublished\":\"2024-02-20T14:56:57+00:00\",\"dateModified\":\"2024-03-18T08:24:59+00:00\",\"breadcrumb\":{\"@id\":\"https:\/\/canazados.com\/filosofia\/#breadcrumb\"},\"inLanguage\":\"en-GB\",\"potentialAction\":[{\"@type\":\"ReadAction\",\"target\":[\"https:\/\/canazados.com\/filosofia\/\"]}]},{\"@type\":\"ImageObject\",\"inLanguage\":\"en-GB\",\"@id\":\"https:\/\/canazados.com\/filosofia\/#primaryimage\",\"url\":\"https:\/\/canazados.com\/wp-content\/uploads\/2024\/02\/Mesa-de-trabajo-9-1.png\",\"contentUrl\":\"https:\/\/canazados.com\/wp-content\/uploads\/2024\/02\/Mesa-de-trabajo-9-1.png\"},{\"@type\":\"BreadcrumbList\",\"@id\":\"https:\/\/canazados.com\/filosofia\/#breadcrumb\",\"itemListElement\":[{\"@type\":\"ListItem\",\"position\":1,\"name\":\"Portada\",\"item\":\"https:\/\/canazados.com\/\"},{\"@type\":\"ListItem\",\"position\":2,\"name\":\"Filosof\u00eda\"}]},{\"@type\":\"WebSite\",\"@id\":\"https:\/\/canazados.com\/#website\",\"url\":\"https:\/\/canazados.com\/\",\"name\":\"Canazados\",\"description\":\"\",\"publisher\":{\"@id\":\"https:\/\/canazados.com\/#organization\"},\"potentialAction\":[{\"@type\":\"SearchAction\",\"target\":{\"@type\":\"EntryPoint\",\"urlTemplate\":\"https:\/\/canazados.com\/?s={search_term_string}\"},\"query-input\":{\"@type\":\"PropertyValueSpecification\",\"valueRequired\":true,\"valueName\":\"search_term_string\"}}],\"inLanguage\":\"en-GB\"},{\"@type\":\"Organization\",\"@id\":\"https:\/\/canazados.com\/#organization\",\"name\":\"Canazados\",\"url\":\"https:\/\/canazados.com\/\",\"logo\":{\"@type\":\"ImageObject\",\"inLanguage\":\"en-GB\",\"@id\":\"https:\/\/canazados.com\/#\/schema\/logo\/image\/\",\"url\":\"https:\/\/canazados.com\/wp-content\/uploads\/2024\/02\/logo-canazados.png\",\"contentUrl\":\"https:\/\/canazados.com\/wp-content\/uploads\/2024\/02\/logo-canazados.png\",\"width\":807,\"height\":294,\"caption\":\"Canazados\"},\"image\":{\"@id\":\"https:\/\/canazados.com\/#\/schema\/logo\/image\/\"},\"sameAs\":[\"https:\/\/www.facebook.com\/profile.php?id=61555814313087&locale=es_ES\",\"https:\/\/www.instagram.com\/canazados\/\",\"https:\/\/www.linkedin.com\/company\/canazados-sl\/?originalSubdomain=es\"]}]}<\/script>\n<!-- \/ Yoast SEO plugin. -->","yoast_head_json":{"title":"Filosof\u00eda - Canazados","robots":{"index":"index","follow":"follow","max-snippet":"max-snippet:-1","max-image-preview":"max-image-preview:large","max-video-preview":"max-video-preview:-1"},"canonical":"https:\/\/canazados.com\/en\/filosofia\/","og_locale":"en_GB","og_type":"article","og_title":"Filosof\u00eda - Canazados","og_description":"Filosof\u00eda En la actualidad, las personas estamos cada vez m\u00e1s implicadas en cuidar nuestra calidad de vida y consumir productos que cumplan con altos est\u00e1ndares. En ocasiones, preferimos invertir un poco m\u00e1s en un producto, confiando en su calidad. Sin embargo, en el \u00e1mbito hotelero, de la restauraci\u00f3n, etc. a menudo sucede que los productos [&hellip;]","og_url":"https:\/\/canazados.com\/en\/filosofia\/","og_site_name":"Canazados","article_publisher":"https:\/\/www.facebook.com\/profile.php?id=61555814313087&locale=es_ES","article_modified_time":"2024-03-18T08:24:59+00:00","og_image":[{"url":"https:\/\/canazados.com\/wp-content\/uploads\/2024\/02\/Mesa-de-trabajo-9-1.png","type":"","width":"","height":""}],"twitter_card":"summary_large_image","twitter_misc":{"Estimated reading time":"3 minutes"},"schema":{"@context":"https:\/\/schema.org","@graph":[{"@type":"WebPage","@id":"https:\/\/canazados.com\/filosofia\/","url":"https:\/\/canazados.com\/filosofia\/","name":"Filosof\u00eda - Canazados","isPartOf":{"@id":"https:\/\/canazados.com\/#website"},"primaryImageOfPage":{"@id":"https:\/\/canazados.com\/filosofia\/#primaryimage"},"image":{"@id":"https:\/\/canazados.com\/filosofia\/#primaryimage"},"thumbnailUrl":"https:\/\/canazados.com\/wp-content\/uploads\/2024\/02\/Mesa-de-trabajo-9-1.png","datePublished":"2024-02-20T14:56:57+00:00","dateModified":"2024-03-18T08:24:59+00:00","breadcrumb":{"@id":"https:\/\/canazados.com\/filosofia\/#breadcrumb"},"inLanguage":"en-GB","potentialAction":[{"@type":"ReadAction","target":["https:\/\/canazados.com\/filosofia\/"]}]},{"@type":"ImageObject","inLanguage":"en-GB","@id":"https:\/\/canazados.com\/filosofia\/#primaryimage","url":"https:\/\/canazados.com\/wp-content\/uploads\/2024\/02\/Mesa-de-trabajo-9-1.png","contentUrl":"https:\/\/canazados.com\/wp-content\/uploads\/2024\/02\/Mesa-de-trabajo-9-1.png"},{"@type":"BreadcrumbList","@id":"https:\/\/canazados.com\/filosofia\/#breadcrumb","itemListElement":[{"@type":"ListItem","position":1,"name":"Portada","item":"https:\/\/canazados.com\/"},{"@type":"ListItem","position":2,"name":"Filosof\u00eda"}]},{"@type":"WebSite","@id":"https:\/\/canazados.com\/#website","url":"https:\/\/canazados.com\/","name":"Canazados","description":"","publisher":{"@id":"https:\/\/canazados.com\/#organization"},"potentialAction":[{"@type":"SearchAction","target":{"@type":"EntryPoint","urlTemplate":"https:\/\/canazados.com\/?s={search_term_string}"},"query-input":{"@type":"PropertyValueSpecification","valueRequired":true,"valueName":"search_term_string"}}],"inLanguage":"en-GB"},{"@type":"Organization","@id":"https:\/\/canazados.com\/#organization","name":"Canazados","url":"https:\/\/canazados.com\/","logo":{"@type":"ImageObject","inLanguage":"en-GB","@id":"https:\/\/canazados.com\/#\/schema\/logo\/image\/","url":"https:\/\/canazados.com\/wp-content\/uploads\/2024\/02\/logo-canazados.png","contentUrl":"https:\/\/canazados.com\/wp-content\/uploads\/2024\/02\/logo-canazados.png","width":807,"height":294,"caption":"Canazados"},"image":{"@id":"https:\/\/canazados.com\/#\/schema\/logo\/image\/"},"sameAs":["https:\/\/www.facebook.com\/profile.php?id=61555814313087&locale=es_ES","https:\/\/www.instagram.com\/canazados\/","https:\/\/www.linkedin.com\/company\/canazados-sl\/?originalSubdomain=es"]}]}},"_links":{"self":[{"href":"https:\/\/canazados.com\/en\/wp-json\/wp\/v2\/pages\/397","targetHints":{"allow":["GET"]}}],"collection":[{"href":"https:\/\/canazados.com\/en\/wp-json\/wp\/v2\/pages"}],"about":[{"href":"https:\/\/canazados.com\/en\/wp-json\/wp\/v2\/types\/page"}],"author":[{"embeddable":true,"href":"https:\/\/canazados.com\/en\/wp-json\/wp\/v2\/users\/1"}],"replies":[{"embeddable":true,"href":"https:\/\/canazados.com\/en\/wp-json\/wp\/v2\/comments?post=397"}],"version-history":[{"count":0,"href":"https:\/\/canazados.com\/en\/wp-json\/wp\/v2\/pages\/397\/revisions"}],"wp:attachment":[{"href":"https:\/\/canazados.com\/en\/wp-json\/wp\/v2\/media?parent=397"}],"curies":[{"name":"wp","href":"https:\/\/api.w.org\/{rel}","templated":true}]}}