{"id":22,"date":"2024-02-15T09:07:37","date_gmt":"2024-02-15T09:07:37","guid":{"rendered":"https:\/\/canazados.com\/?page_id=22"},"modified":"2024-02-22T10:56:56","modified_gmt":"2024-02-22T10:56:56","slug":"mi-cuenta","status":"publish","type":"page","link":"https:\/\/canazados.com\/en\/mi-cuenta\/","title":{"rendered":"Mi cuenta"},"content":{"rendered":"<div data-elementor-type=\"wp-page\" data-elementor-id=\"22\" class=\"elementor elementor-22\" data-elementor-post-type=\"page\">\n\t\t\t\t<div class=\"elementor-element elementor-element-7fde9d61 e-con-full e-flex e-con e-parent\" data-id=\"7fde9d61\" data-element_type=\"container\">\n\t\t\t\t<div class=\"elementor-element elementor-element-e02d0c0 e-my-account-tabs-horizontal elementor-widget elementor-widget-woocommerce-my-account\" data-id=\"e02d0c0\" data-element_type=\"widget\" data-widget_type=\"woocommerce-my-account.default\">\n\t\t\t\t<div class=\"elementor-widget-container\">\n\t\t\t\t\t<div class=\"e-my-account-tab e-my-account-tab__\">\t\t\t<span class=\"elementor-hidden\">[woocommerce_my_account]<\/span>\n\t\t\t<div class=\"woocommerce\"><\/div>\t\t<\/div>\n\t\t\t\t\t\t<\/div>\n\t\t\t\t<\/div>\n\t\t\t\t<\/div>\n\t\t\t\t<\/div>","protected":false},"excerpt":{"rendered":"<p>Escritorio Pedidos Descargas Direcciones Detalles de la cuenta Cerrar sesi\u00f3n Escritorio Pedidos Descargas Direcciones Detalles de la cuenta Cerrar sesi\u00f3n Hola Guille (\u00bfno eres Guille? Cerrar sesi\u00f3n) Desde el escritorio de tu cuenta puedes ver tus pedidos recientes, gestionar tus direcciones de env\u00edo y facturaci\u00f3n y editar tu contrase\u00f1a y los detalles de tu cuenta.<\/p>","protected":false},"author":1,"featured_media":0,"parent":0,"menu_order":0,"comment_status":"closed","ping_status":"closed","template":"","meta":{"footnotes":""},"class_list":["post-22","page","type-page","status-publish","hentry"],"yoast_head":"<!-- This site is optimized with the Yoast SEO plugin v25.5 - https:\/\/yoast.com\/wordpress\/plugins\/seo\/ -->\n<title>Mi cuenta - Canazados<\/title>\n<meta name=\"robots\" content=\"index, follow, max-snippet:-1, max-image-preview:large, max-video-preview:-1\" \/>\n<link rel=\"canonical\" href=\"https:\/\/canazados.com\/en\/mi-cuenta\/\" \/>\n<meta property=\"og:locale\" content=\"en_GB\" \/>\n<meta property=\"og:type\" content=\"article\" \/>\n<meta property=\"og:title\" content=\"Mi cuenta - Canazados\" \/>\n<meta property=\"og:description\" content=\"Escritorio Pedidos Descargas Direcciones Detalles de la cuenta Cerrar sesi\u00f3n Escritorio Pedidos Descargas Direcciones Detalles de la cuenta Cerrar sesi\u00f3n Hola Guille (\u00bfno eres Guille? Cerrar sesi\u00f3n) Desde el escritorio de tu cuenta puedes ver tus pedidos recientes, gestionar tus direcciones de env\u00edo y facturaci\u00f3n y editar tu contrase\u00f1a y los detalles de tu cuenta.\" \/>\n<meta property=\"og:url\" content=\"https:\/\/canazados.com\/en\/mi-cuenta\/\" \/>\n<meta property=\"og:site_name\" content=\"Canazados\" \/>\n<meta property=\"article:publisher\" content=\"https:\/\/www.facebook.com\/profile.php?id=61555814313087&amp;locale=es_ES\" \/>\n<meta property=\"article:modified_time\" content=\"2024-02-22T10:56:56+00:00\" \/>\n<meta name=\"twitter:card\" content=\"summary_large_image\" \/>\n<script type=\"application\/ld+json\" class=\"yoast-schema-graph\">{\"@context\":\"https:\/\/schema.org\",\"@graph\":[{\"@type\":\"WebPage\",\"@id\":\"https:\/\/canazados.com\/mi-cuenta\/\",\"url\":\"https:\/\/canazados.com\/mi-cuenta\/\",\"name\":\"Mi cuenta - Canazados\",\"isPartOf\":{\"@id\":\"https:\/\/canazados.com\/#website\"},\"datePublished\":\"2024-02-15T09:07:37+00:00\",\"dateModified\":\"2024-02-22T10:56:56+00:00\",\"breadcrumb\":{\"@id\":\"https:\/\/canazados.com\/mi-cuenta\/#breadcrumb\"},\"inLanguage\":\"en-GB\",\"potentialAction\":[{\"@type\":\"ReadAction\",\"target\":[\"https:\/\/canazados.com\/mi-cuenta\/\"]}]},{\"@type\":\"BreadcrumbList\",\"@id\":\"https:\/\/canazados.com\/mi-cuenta\/#breadcrumb\",\"itemListElement\":[{\"@type\":\"ListItem\",\"position\":1,\"name\":\"Portada\",\"item\":\"https:\/\/canazados.com\/\"},{\"@type\":\"ListItem\",\"position\":2,\"name\":\"Mi cuenta\"}]},{\"@type\":\"WebSite\",\"@id\":\"https:\/\/canazados.com\/#website\",\"url\":\"https:\/\/canazados.com\/\",\"name\":\"Canazados\",\"description\":\"\",\"publisher\":{\"@id\":\"https:\/\/canazados.com\/#organization\"},\"potentialAction\":[{\"@type\":\"SearchAction\",\"target\":{\"@type\":\"EntryPoint\",\"urlTemplate\":\"https:\/\/canazados.com\/?s={search_term_string}\"},\"query-input\":{\"@type\":\"PropertyValueSpecification\",\"valueRequired\":true,\"valueName\":\"search_term_string\"}}],\"inLanguage\":\"en-GB\"},{\"@type\":\"Organization\",\"@id\":\"https:\/\/canazados.com\/#organization\",\"name\":\"Canazados\",\"url\":\"https:\/\/canazados.com\/\",\"logo\":{\"@type\":\"ImageObject\",\"inLanguage\":\"en-GB\",\"@id\":\"https:\/\/canazados.com\/#\/schema\/logo\/image\/\",\"url\":\"https:\/\/canazados.com\/wp-content\/uploads\/2024\/02\/logo-canazados.png\",\"contentUrl\":\"https:\/\/canazados.com\/wp-content\/uploads\/2024\/02\/logo-canazados.png\",\"width\":807,\"height\":294,\"caption\":\"Canazados\"},\"image\":{\"@id\":\"https:\/\/canazados.com\/#\/schema\/logo\/image\/\"},\"sameAs\":[\"https:\/\/www.facebook.com\/profile.php?id=61555814313087&locale=es_ES\",\"https:\/\/www.instagram.com\/canazados\/\",\"https:\/\/www.linkedin.com\/company\/canazados-sl\/?originalSubdomain=es\"]}]}<\/script>\n<!-- \/ Yoast SEO plugin. -->","yoast_head_json":{"title":"Mi cuenta - Canazados","robots":{"index":"index","follow":"follow","max-snippet":"max-snippet:-1","max-image-preview":"max-image-preview:large","max-video-preview":"max-video-preview:-1"},"canonical":"https:\/\/canazados.com\/en\/mi-cuenta\/","og_locale":"en_GB","og_type":"article","og_title":"Mi cuenta - Canazados","og_description":"Escritorio Pedidos Descargas Direcciones Detalles de la cuenta Cerrar sesi\u00f3n Escritorio Pedidos Descargas Direcciones Detalles de la cuenta Cerrar sesi\u00f3n Hola Guille (\u00bfno eres Guille? Cerrar sesi\u00f3n) Desde el escritorio de tu cuenta puedes ver tus pedidos recientes, gestionar tus direcciones de env\u00edo y facturaci\u00f3n y editar tu contrase\u00f1a y los detalles de tu cuenta.","og_url":"https:\/\/canazados.com\/en\/mi-cuenta\/","og_site_name":"Canazados","article_publisher":"https:\/\/www.facebook.com\/profile.php?id=61555814313087&locale=es_ES","article_modified_time":"2024-02-22T10:56:56+00:00","twitter_card":"summary_large_image","schema":{"@context":"https:\/\/schema.org","@graph":[{"@type":"WebPage","@id":"https:\/\/canazados.com\/mi-cuenta\/","url":"https:\/\/canazados.com\/mi-cuenta\/","name":"Mi cuenta - Canazados","isPartOf":{"@id":"https:\/\/canazados.com\/#website"},"datePublished":"2024-02-15T09:07:37+00:00","dateModified":"2024-02-22T10:56:56+00:00","breadcrumb":{"@id":"https:\/\/canazados.com\/mi-cuenta\/#breadcrumb"},"inLanguage":"en-GB","potentialAction":[{"@type":"ReadAction","target":["https:\/\/canazados.com\/mi-cuenta\/"]}]},{"@type":"BreadcrumbList","@id":"https:\/\/canazados.com\/mi-cuenta\/#breadcrumb","itemListElement":[{"@type":"ListItem","position":1,"name":"Portada","item":"https:\/\/canazados.com\/"},{"@type":"ListItem","position":2,"name":"Mi cuenta"}]},{"@type":"WebSite","@id":"https:\/\/canazados.com\/#website","url":"https:\/\/canazados.com\/","name":"Canazados","description":"","publisher":{"@id":"https:\/\/canazados.com\/#organization"},"potentialAction":[{"@type":"SearchAction","target":{"@type":"EntryPoint","urlTemplate":"https:\/\/canazados.com\/?s={search_term_string}"},"query-input":{"@type":"PropertyValueSpecification","valueRequired":true,"valueName":"search_term_string"}}],"inLanguage":"en-GB"},{"@type":"Organization","@id":"https:\/\/canazados.com\/#organization","name":"Canazados","url":"https:\/\/canazados.com\/","logo":{"@type":"ImageObject","inLanguage":"en-GB","@id":"https:\/\/canazados.com\/#\/schema\/logo\/image\/","url":"https:\/\/canazados.com\/wp-content\/uploads\/2024\/02\/logo-canazados.png","contentUrl":"https:\/\/canazados.com\/wp-content\/uploads\/2024\/02\/logo-canazados.png","width":807,"height":294,"caption":"Canazados"},"image":{"@id":"https:\/\/canazados.com\/#\/schema\/logo\/image\/"},"sameAs":["https:\/\/www.facebook.com\/profile.php?id=61555814313087&locale=es_ES","https:\/\/www.instagram.com\/canazados\/","https:\/\/www.linkedin.com\/company\/canazados-sl\/?originalSubdomain=es"]}]}},"_links":{"self":[{"href":"https:\/\/canazados.com\/en\/wp-json\/wp\/v2\/pages\/22","targetHints":{"allow":["GET"]}}],"collection":[{"href":"https:\/\/canazados.com\/en\/wp-json\/wp\/v2\/pages"}],"about":[{"href":"https:\/\/canazados.com\/en\/wp-json\/wp\/v2\/types\/page"}],"author":[{"embeddable":true,"href":"https:\/\/canazados.com\/en\/wp-json\/wp\/v2\/users\/1"}],"replies":[{"embeddable":true,"href":"https:\/\/canazados.com\/en\/wp-json\/wp\/v2\/comments?post=22"}],"version-history":[{"count":0,"href":"https:\/\/canazados.com\/en\/wp-json\/wp\/v2\/pages\/22\/revisions"}],"wp:attachment":[{"href":"https:\/\/canazados.com\/en\/wp-json\/wp\/v2\/media?parent=22"}],"curies":[{"name":"wp","href":"https:\/\/api.w.org\/{rel}","templated":true}]}}